{"id":12915,"date":"2025-04-24T13:29:50","date_gmt":"2025-04-24T10:29:50","guid":{"rendered":"https:\/\/dev.geoexchange.ro\/?page_id=12915"},"modified":"2025-04-24T15:34:21","modified_gmt":"2025-04-24T12:34:21","slug":"geotrainet","status":"publish","type":"page","link":"https:\/\/geoexchange.ro\/ro\/projects\/geotrainet\/","title":{"rendered":"GEOTRAINET"},"content":{"rendered":"<div data-elementor-type=\"wp-page\" data-elementor-id=\"12915\" class=\"elementor elementor-12915\" data-elementor-post-type=\"page\">\n\t\t\t\t<div class=\"elementor-element elementor-element-986d778 e-flex e-con-boxed wpr-particle-no wpr-jarallax-no wpr-parallax-no wpr-sticky-section-no e-con e-parent\" data-id=\"986d778\" data-element_type=\"container\" data-e-type=\"container\">\n\t\t\t\t\t<div class=\"e-con-inner\">\n\t\t\t\t<div class=\"elementor-element elementor-element-a2eca64 elementor-widget elementor-widget-heading\" data-id=\"a2eca64\" data-element_type=\"widget\" data-e-type=\"widget\" data-widget_type=\"heading.default\">\n\t\t\t\t<div class=\"elementor-widget-container\">\n\t\t\t\t\t<h1 class=\"elementor-heading-title elementor-size-default\">GEOTRAINET <\/h1>\t\t\t\t<\/div>\n\t\t\t\t<\/div>\n\t\t\t\t<div class=\"elementor-element elementor-element-bd16349 elementor-widget elementor-widget-heading\" data-id=\"bd16349\" data-element_type=\"widget\" data-e-type=\"widget\" data-widget_type=\"heading.default\">\n\t\t\t\t<div class=\"elementor-widget-container\">\n\t\t\t\t\t<h4 class=\"elementor-heading-title elementor-size-default\">Geo-Educa\u021bie pentru o pia\u021b\u0103 durabil\u0103 a \u00eenc\u0103lzirii \u0219i r\u0103cirii geotermale <\/h4>\t\t\t\t<\/div>\n\t\t\t\t<\/div>\n\t\t\t\t<div class=\"elementor-element elementor-element-bf7fa00 elementor-widget elementor-widget-heading\" data-id=\"bf7fa00\" data-element_type=\"widget\" data-e-type=\"widget\" data-widget_type=\"heading.default\">\n\t\t\t\t<div class=\"elementor-widget-container\">\n\t\t\t\t\t<h5 class=\"elementor-heading-title elementor-size-default\">Programul \u201cEnergie inteligent\u0103 - Europa\u201d<\/h5>\t\t\t\t<\/div>\n\t\t\t\t<\/div>\n\t\t\t\t\t<\/div>\n\t\t\t\t<\/div>\n\t\t<div class=\"elementor-element elementor-element-1e1c01a e-flex e-con-boxed wpr-particle-no wpr-jarallax-no wpr-parallax-no wpr-sticky-section-no e-con e-parent\" data-id=\"1e1c01a\" data-element_type=\"container\" data-e-type=\"container\">\n\t\t\t\t\t<div class=\"e-con-inner\">\n\t\t\t\t<div class=\"elementor-element elementor-element-70700e8 elementor-widget elementor-widget-heading\" data-id=\"70700e8\" data-element_type=\"widget\" data-e-type=\"widget\" data-widget_type=\"heading.default\">\n\t\t\t\t<div class=\"elementor-widget-container\">\n\t\t\t\t\t<h4 class=\"elementor-heading-title elementor-size-default\">TEMEI JURIDIC<\/h4>\t\t\t\t<\/div>\n\t\t\t\t<\/div>\n\t\t\t\t<div class=\"elementor-element elementor-element-d1d2287 elementor-widget elementor-widget-text-editor\" data-id=\"d1d2287\" data-element_type=\"widget\" data-e-type=\"widget\" data-widget_type=\"text-editor.default\">\n\t\t\t\t<div class=\"elementor-widget-container\">\n\t\t\t\t\t\t\t\t\t<p><span class=\"HwtZe\" lang=\"en\"><span class=\"jCAhz ChMk0b\"><span class=\"ryNqvb\">Decizia nr. 1639\/2006\/CE a Parlamentului European \u0219i a Consiliului din 24 octombrie 2006 de instituire a Programului-cadru pentru competitivitate \u0219i inovare pentru perioada 2007-2013 (JO L 310 din 9 noiembrie 2006, p. 15, art. 37) geotrainet_390x260 Proiectul este gestionat de Agen\u021bia Executiv\u0103 pentru Competitivitate \u0219i Inovare - EACI, care exercit\u0103 competen\u021bele delegate de Comisia Comunit\u0103\u021bilor Europene.<\/span><\/span> <\/span><\/p>\t\t\t\t\t\t\t\t<\/div>\n\t\t\t\t<\/div>\n\t\t\t\t<div class=\"elementor-element elementor-element-1be53d9 elementor-widget elementor-widget-heading\" data-id=\"1be53d9\" data-element_type=\"widget\" data-e-type=\"widget\" data-widget_type=\"heading.default\">\n\t\t\t\t<div class=\"elementor-widget-container\">\n\t\t\t\t\t<h4 class=\"elementor-heading-title elementor-size-default\">PARTENERI<\/h4>\t\t\t\t<\/div>\n\t\t\t\t<\/div>\n\t\t\t\t<div class=\"elementor-element elementor-element-c265d5a elementor-widget elementor-widget-text-editor\" data-id=\"c265d5a\" data-element_type=\"widget\" data-e-type=\"widget\" data-widget_type=\"text-editor.default\">\n\t\t\t\t<div class=\"elementor-widget-container\">\n\t\t\t\t\t\t\t\t\t<ul><li><span class=\"HwtZe\" lang=\"en\"><span class=\"jCAhz ChMk0b\"><span class=\"ryNqvb\">Federation Europeenne des Geologues - EFG - Paris, Fran\u021ba (coordonator), reprezentat\u0103 de dl Manuel Regueiro - pre\u0219edinte;<\/span><\/span> <\/span><\/li><li><span class=\"HwtZe\" lang=\"en\"><span class=\"jCAhz ChMk0b\"><span class=\"ryNqvb\">European Geothermal Energy Council (EGEC), Bruxelles, Belgia, reprezentat de dl.<\/span><\/span> <span class=\"jCAhz\"><span class=\"ryNqvb\">Burkhard Sanner<\/span><\/span>  <\/span><\/li><li><span class=\"HwtZe\" lang=\"en\"><span class=\"jCAhz ChMk0b\"><span class=\"ryNqvb\">Osterreichisches Forschungs und Prufzentrum Arsenal GmBH (ARSENAL), Viena, Austria, reprezentat de dl.<\/span><\/span> <span class=\"jCAhz\"><span class=\"ryNqvb\">Anton Plimon,<\/span><\/span>  <\/span><\/li><li><span class=\"HwtZe\" lang=\"en\"><span class=\"jCAhz ChMk0b\"><span class=\"ryNqvb\">BRGM - Paris, Fran\u021ba, reprezentat\u0103 de dl.<\/span><\/span> <span class=\"jCAhz\"><span class=\"ryNqvb\">Christian Fouillac,<\/span><\/span>  <\/span><\/li><li><span class=\"HwtZe\" lang=\"en\"><span class=\"jCAhz ChMk0b\"><span class=\"ryNqvb\">Consolidated Project Management Services Ltd.<\/span><\/span> <span class=\"jCAhz ChMk0b\"><span class=\"ryNqvb\">(GT SKILLS), Dublin, Irlanda, reprezentat\u0103 de dl.<\/span><\/span> <span class=\"jCAhz\"><span class=\"ryNqvb\">Gareth Jones,<\/span><\/span> <span class=\"jCAhz\"><span class=\"ryNqvb\"> The <\/span><\/span><\/span><\/li><li><span class=\"HwtZe\" lang=\"en\"><span class=\"jCAhz\"><span class=\"ryNqvb\">Romanian Geoexchange Society (RGS), Bucure\u0219ti, Rom\u00e2nia, reprezentat\u0103 de dl.<\/span><\/span> <span class=\"jCAhz\"><span class=\"ryNqvb\">Alexandru Aposteanu,<\/span><\/span>  <\/span><\/li><li><span class=\"HwtZe\" lang=\"en\"><span class=\"jCAhz ChMk0b\"><span class=\"ryNqvb\">Universidad Politecnica de Valencia (UPVLC), Valencia, Spania, reprezentat\u0103 de dl.<\/span><\/span> <span class=\"jCAhz ChMk0b\"><span class=\"ryNqvb\">Juan Julia Igual,<\/span><\/span> <\/span><\/li><li><span class=\"HwtZe\" lang=\"en\"><span class=\"jCAhz ChMk0b\"><span class=\"ryNqvb\"> Lunds Universitet (ULUND), Lund, Suedia, reprezentat\u0103 de dl.<\/span><\/span> <span class=\"jCAhz\"><span class=\"ryNqvb\">Goran Nilsson,<\/span><\/span>  <\/span><\/li><li><span class=\"HwtZe\" lang=\"en\"><span class=\"jCAhz ChMk0b\"><span class=\"ryNqvb\">Universitatea din Newcastle upon Tyne (UNEW), Newcastle upon Tyne, Marea Britanie, reprezentat\u0103 de dl.<\/span><\/span> <span class=\"jCAhz\"><span class=\"ryNqvb\">Dermot Roddy.<\/span><\/span> <\/span><\/li><\/ul>\t\t\t\t\t\t\t\t<\/div>\n\t\t\t\t<\/div>\n\t\t\t\t<div class=\"elementor-element elementor-element-5d9d348 elementor-widget elementor-widget-heading\" data-id=\"5d9d348\" data-element_type=\"widget\" data-e-type=\"widget\" data-widget_type=\"heading.default\">\n\t\t\t\t<div class=\"elementor-widget-container\">\n\t\t\t\t\t<h4 class=\"elementor-heading-title elementor-size-default\">DURAT\u0102 \/ VALOARE<\/h4>\t\t\t\t<\/div>\n\t\t\t\t<\/div>\n\t\t\t\t<div class=\"elementor-element elementor-element-fcf9c45 elementor-widget elementor-widget-text-editor\" data-id=\"fcf9c45\" data-element_type=\"widget\" data-e-type=\"widget\" data-widget_type=\"text-editor.default\">\n\t\t\t\t<div class=\"elementor-widget-container\">\n\t\t\t\t\t\t\t\t\t<p><span class=\"HwtZe\" lang=\"en\"><span class=\"jCAhz ChMk0b\"><span class=\"ryNqvb\">Ac\u021biunea s-a desf\u0103\u0219urat timp de 30 de luni (1 septembrie 2008 - 28 februarie 2011).<\/span><\/span> <span class=\"jCAhz ChMk0b\"><span class=\"ryNqvb\">Valoarea total\u0103 a proiectului a fost de aprox.<\/span><\/span> <span class=\"jCAhz ChMk0b\"><span class=\"ryNqvb\">1 milion de euro, din care 75% - grant UE, iar restul asigurat prin cofinan\u021bare.<\/span><\/span><\/span><\/p>\t\t\t\t\t\t\t\t<\/div>\n\t\t\t\t<\/div>\n\t\t\t\t<div class=\"elementor-element elementor-element-b4d4ded elementor-widget elementor-widget-heading\" data-id=\"b4d4ded\" data-element_type=\"widget\" data-e-type=\"widget\" data-widget_type=\"heading.default\">\n\t\t\t\t<div class=\"elementor-widget-container\">\n\t\t\t\t\t<h4 class=\"elementor-heading-title elementor-size-default\"><span class=\"HwtZe\" lang=\"en\"><span class=\"jCAhz ChMk0b\"><span class=\"ryNqvb\">SCOPUL PROIECTULUI<\/span><\/span><\/span><\/h4>\t\t\t\t<\/div>\n\t\t\t\t<\/div>\n\t\t\t\t<div class=\"elementor-element elementor-element-e786b4e elementor-widget elementor-widget-text-editor\" data-id=\"e786b4e\" data-element_type=\"widget\" data-e-type=\"widget\" data-widget_type=\"text-editor.default\">\n\t\t\t\t<div class=\"elementor-widget-container\">\n\t\t\t\t\t\t\t\t\t<p><span class=\"HwtZe\" lang=\"en\"><span class=\"jCAhz ChMk0b\"><span class=\"ryNqvb\">Desf\u0103\u0219urarea de activit\u0103\u021bi pentru ac\u021biunea \u201cGeo-Educa\u021bie pentru o pia\u021b\u0103 durabil\u0103 a \u00eenc\u0103lzirii \u0219i r\u0103cirii geotermale (GEOTRAINET)\u201d - Geo-educa\u021bie pentru o pia\u021b\u0103 durabil\u0103 a \u00eenc\u0103lzirii \u0219i r\u0103cirii geotermale.<\/span><\/span><span class=\"jCAhz ChMk0b\"><span class=\"ryNqvb\"> Proiectul a constat \u00een 7 activit\u0103\u021bi principale: Identificarea datelor necesare \u00een sistemele de \u00eenc\u0103lzire \u0219i r\u0103cire (HVAC) cu pompe de c\u0103ldur\u0103 geotermale (GSHP);<\/span><\/span><span class=\"jCAhz ChMk0b\"><span class=\"ryNqvb\"> Evaluarea cuno\u0219tin\u021belor necesare speciali\u0219tilor \u00een proiectarea \/ forarea \/ instalarea sistemelor HVAC cu GSHP;<\/span><\/span><span class=\"jCAhz ChMk0b\"><span class=\"ryNqvb\"> Crearea de programe de studii pentru proiectan\u021bi \/ foratori \/ instalatori;<\/span><\/span><span class=\"jCAhz ChMk0b\"><span class=\"ryNqvb\"> Crearea de instrumente de formare (prezent\u0103ri, manuale, platform\u0103 electronic\u0103, teste; Identificarea domeniilor neacoperite de standarde \u0219i norme; Propunerea cadrului unui sistem european unificat pentru certificarea speciali\u0219tilor \u00een domeniul HVAC cu GSHP; Lansarea de cursuri de formare la nivel european.<\/span><\/span><\/span><\/p>\t\t\t\t\t\t\t\t<\/div>\n\t\t\t\t<\/div>\n\t\t\t\t<div class=\"elementor-element elementor-element-02ac823 elementor-widget elementor-widget-heading\" data-id=\"02ac823\" data-element_type=\"widget\" data-e-type=\"widget\" data-widget_type=\"heading.default\">\n\t\t\t\t<div class=\"elementor-widget-container\">\n\t\t\t\t\t<h4 class=\"elementor-heading-title elementor-size-default\"><span class=\"HwtZe\" lang=\"en\"><span class=\"jCAhz ChMk0b\"><span class=\"ryNqvb\">CURSURI GEOTRAINET<\/span><\/span><\/span><\/h4>\t\t\t\t<\/div>\n\t\t\t\t<\/div>\n\t\t\t\t<div class=\"elementor-element elementor-element-1a3aff0 elementor-widget elementor-widget-text-editor\" data-id=\"1a3aff0\" data-element_type=\"widget\" data-e-type=\"widget\" data-widget_type=\"text-editor.default\">\n\t\t\t\t<div class=\"elementor-widget-container\">\n\t\t\t\t\t\t\t\t\t<p><span class=\"HwtZe\" lang=\"en\"><span class=\"jCAhz ChMk0b\"><span class=\"ryNqvb\">Societatea Rom\u00e2n\u0103 de Geoexchange a contribuit la implementarea tuturor ac\u021biunilor proiectului. Proiectul GEOTRAINET a desf\u0103\u0219urat 3 tipuri de cursuri: (a) cursuri pentru instructori (Suedia - iunie 2009 \u0219i Germania - ian. 2010), (b) cursuri pentru foratori (Irlanda - sept. 2009 \u0219i Fran\u021ba - nov. 2009), (c) cursuri pentru proiectan\u021bi (Anglia - apr. 2010 \u0219i Spania - iulie 2010) (d) cursuri pentru proiectan\u021bi \u0219i foratori (Rom\u00e2nia - oct. 2010 \u0219i Belgia - feb. 2011). La conferin\u021ba final\u0103<\/span><\/span> <span class=\"jCAhz ChMk0b\"><span class=\"ryNqvb\">GEOTRAINET februarie 2011 - Bruxelles, cursul pentru proiectan\u021bi \u0219i foratori din Bucure\u0219ti a fost desemnat cel mai bun curs GEOTRAINET.<\/span><\/span><span class=\"jCAhz ChMk0b\"><span class=\"ryNqvb\"> La toate cursurile, participarea speciali\u0219tilor din Rom\u00e2nia a fost la cel mai \u00eenalt nivel, at\u00e2t din punct de vedere cantitativ, c\u00e2t \u0219i calitativ.<\/span><\/span><span class=\"jCAhz ChMk0b\"><span class=\"ryNqvb\"> cursuri <\/span><\/span><\/span><\/p>\t\t\t\t\t\t\t\t<\/div>\n\t\t\t\t<\/div>\n\t\t\t\t\t<\/div>\n\t\t\t\t<\/div>\n\t\t<div class=\"elementor-element elementor-element-eae538b e-flex e-con-boxed wpr-particle-no wpr-jarallax-no wpr-parallax-no wpr-sticky-section-no e-con e-parent\" data-id=\"eae538b\" data-element_type=\"container\" data-e-type=\"container\">\n\t\t\t\t\t<div class=\"e-con-inner\">\n\t\t<div class=\"elementor-element elementor-element-7d16c39 e-con-full e-flex wpr-particle-no wpr-jarallax-no wpr-parallax-no wpr-sticky-section-no e-con e-child\" data-id=\"7d16c39\" data-element_type=\"container\" data-e-type=\"container\">\n\t\t\t\t<div class=\"elementor-element elementor-element-d38df61 elementor-widget elementor-widget-image\" data-id=\"d38df61\" data-element_type=\"widget\" data-e-type=\"widget\" data-widget_type=\"image.default\">\n\t\t\t\t<div class=\"elementor-widget-container\">\n\t\t\t\t\t\t\t\t\t\t\t\t\t\t\t<img fetchpriority=\"high\" decoding=\"async\" width=\"960\" height=\"637\" src=\"https:\/\/geoexchange.ro\/wp-content\/uploads\/2025\/04\/cursuri-geotrainet.jpg\" class=\"attachment-large size-large wp-image-12981\" alt=\"\" srcset=\"https:\/\/geoexchange.ro\/wp-content\/uploads\/2025\/04\/cursuri-geotrainet.jpg 1000w, https:\/\/geoexchange.ro\/wp-content\/uploads\/2025\/04\/cursuri-geotrainet-300x199.jpg 300w, https:\/\/geoexchange.ro\/wp-content\/uploads\/2025\/04\/cursuri-geotrainet-768x510.jpg 768w\" sizes=\"(max-width: 960px) 100vw, 960px\" \/>\t\t\t\t\t\t\t\t\t\t\t\t\t\t\t<\/div>\n\t\t\t\t<\/div>\n\t\t\t\t<\/div>\n\t\t<div class=\"elementor-element elementor-element-6df8015 e-con-full e-flex wpr-particle-no wpr-jarallax-no wpr-parallax-no wpr-sticky-section-no e-con e-child\" data-id=\"6df8015\" data-element_type=\"container\" data-e-type=\"container\">\n\t\t\t\t<div class=\"elementor-element elementor-element-4e00b9a elementor-widget elementor-widget-image\" data-id=\"4e00b9a\" data-element_type=\"widget\" data-e-type=\"widget\" data-widget_type=\"image.default\">\n\t\t\t\t<div class=\"elementor-widget-container\">\n\t\t\t\t\t\t\t\t\t\t\t\t<figure class=\"wp-caption\">\n\t\t\t\t\t\t\t\t\t\t<img decoding=\"async\" width=\"542\" height=\"431\" src=\"https:\/\/geoexchange.ro\/wp-content\/uploads\/2025\/04\/grafic-geotrainet.png\" class=\"attachment-large size-large wp-image-12982\" alt=\"\" srcset=\"https:\/\/geoexchange.ro\/wp-content\/uploads\/2025\/04\/grafic-geotrainet.png 542w, https:\/\/geoexchange.ro\/wp-content\/uploads\/2025\/04\/grafic-geotrainet-300x239.png 300w\" sizes=\"(max-width: 542px) 100vw, 542px\" \/>\t\t\t\t\t\t\t\t\t\t\t<figcaption class=\"widget-image-caption wp-caption-text\">Num\u0103rul de studen\u021bi la cursurile GEOTRAINET grafic<\/figcaption>\n\t\t\t\t\t\t\t\t\t\t<\/figure>\n\t\t\t\t\t\t\t\t\t<\/div>\n\t\t\t\t<\/div>\n\t\t\t\t<\/div>\n\t\t\t\t\t<\/div>\n\t\t\t\t<\/div>\n\t\t\t\t<\/div>","protected":false},"excerpt":{"rendered":"<p>GEOTRAINET Geo-Educa\u021bie pentru o pia\u021b\u0103 durabil\u0103 a \u00eenc\u0103lzirii \u0219i r\u0103cirii geotermale Programul \u201cEnergie inteligent\u0103 - Europa\u201d BAZ\u0102 JURIDIC\u0102 Decizia nr. 1639\/2006\/CE a Parlamentului European \u0219i a Consiliului din 24 octombrie 2006 de instituire a Programului-cadru pentru competitivitate \u0219i inovare pentru perioada 2007-2013 (JO L 310 din 9 noiembrie 2006, p. 15, art. 37) geotrainet_390x260 Proiectul este gestionat de Agen\u021bia Executiv\u0103 pentru Competitivitate \u0219i Inovare - EACI care exercit\u0103 competen\u021bele delegate de Comisia Comunit\u0103\u021bilor Europene. PARTENERI Federation Europeenne des Geologues - EFG - Paris, Fran\u021ba (coordonator), reprezentat\u0103 de dl Manuel Regueiro - pre\u0219edinte; European Geothermal Energy Council (EGEC), Bruxelles, Belgia, reprezentat\u0103 de dl Burkhard Sanner Osterreichisches Forschungs und Prufzentrum Arsenal GmBH (ARSENAL), Viena, Austria, reprezentat\u0103 de dl Anton Plimon, BRGM - Paris, Fran\u021ba, reprezentat\u0103 de dl Christian Fouillac, Consolidated Project Management Services Ltd. (GT SKILLS), Dublin, Irlanda, reprezentat de dl Gareth Jones, The Romanian Geoexchange Society (RGS), Bucure\u0219ti, Rom\u00e2nia, reprezentat de dl Alexandru Aposteanu, Universidad Politecnica de Valencia (UPVLC), Valencia, Spania, reprezentat de dl. Juan Julia Igual, Lunds Universitet (ULUND), Lund, Suedia, reprezentat\u0103 de dl Goran Nilsson, University of Newcastle upon Tyne (UNEW), Newcastle upon Tyne, Marea Britanie, reprezentat\u0103 de dl Dermot Roddy. DURATA \/ VALOAREA Ac\u021biunea s-a desf\u0103\u0219urat pe o perioad\u0103 de 30 de luni (1 sept. 2008 - 28 febr. 2011). Valoarea total\u0103 a proiectului a fost de aproximativ 1 milion de euro, din care 75% - grant UE, iar restul asigurat prin cofinan\u021bare. SCOPUL PROIECTULUI Desf\u0103\u0219urarea activit\u0103\u021bilor pentru ac\u021biunea \u201cGeo-Education for a sustainable geothermal heating and cooling market (GEOTRAINET)\u201d - Geo-educa\u021bie pentru o pia\u021b\u0103 durabil\u0103 a \u00eenc\u0103lzirii \u0219i r\u0103cirii geotermale. Proiectul a constat \u00een 7 activit\u0103\u021bi principale: Identificarea datelor necesare \u00een domeniul sistemelor de \u00eenc\u0103lzire \u0219i r\u0103cire (HVAC) cu pompe de c\u0103ldur\u0103 geotermal\u0103 (GSHP); Evaluarea cuno\u0219tin\u021belor necesare speciali\u0219tilor \u00een proiectarea \/ forarea \/ instalarea sistemelor HVAC cu GSHP; Crearea de curricule pentru proiectan\u021bi \/ foratori \/ instalatori; Crearea de instrumente de formare (prezent\u0103ri, manuale, platform\u0103 electronic\u0103, teste; Identificarea domeniilor neacoperite de standarde \u0219i norme; Propunerea cadrului unui sistem european unificat de certificare a speciali\u0219tilor \u00een domeniul HVAC cu GSHP; Lansarea de cursuri de formare la nivel european. CURSURI GEOTRAINET Societatea Rom\u00e2n\u0103 de Geoexchange a contribuit la implementarea tuturor ac\u021biunilor proiectului. Proiectul GEOTRAINET a derulat 3 tipuri de cursuri: (a) cursuri pentru instructori (Suedia - iunie 2009 \u0219i Germania - ian. 2010), (b) cursuri pentru foratori (Irlanda - sept. 2009 \u0219i Fran\u021ba - nov. 2009), (c) cursuri pentru proiectan\u021bi (Anglia - apr. 2010 \u0219i Spania - iulie 2010) (d) cursuri pentru proiectan\u021bi \u0219i foratori (Rom\u00e2nia - oct. 2010 \u0219i Belgia - feb. 2011). La Conferin\u021ba final\u0103 GEOTRAINET din februarie 2011 - Bruxelles, cursul pentru proiectan\u021bi \u0219i foratori din Bucure\u0219ti a fost desemnat cel mai bun curs GEOTRAINET. La toate cursurile, participarea speciali\u0219tilor din Rom\u00e2nia a fost la cel mai \u00eenalt nivel, at\u00e2t din punct de vedere cantitativ, c\u00e2t \u0219i calitativ. cursuri Num\u0103r de cursan\u021bi la cursurile GEOTRAINET grafic<\/p>","protected":false},"author":1,"featured_media":0,"parent":673,"menu_order":4,"comment_status":"closed","ping_status":"closed","template":"elementor_header_footer","meta":{"footnotes":""},"class_list":["post-12915","page","type-page","status-publish","hentry"],"_links":{"self":[{"href":"https:\/\/geoexchange.ro\/ro\/wp-json\/wp\/v2\/pages\/12915","targetHints":{"allow":["GET"]}}],"collection":[{"href":"https:\/\/geoexchange.ro\/ro\/wp-json\/wp\/v2\/pages"}],"about":[{"href":"https:\/\/geoexchange.ro\/ro\/wp-json\/wp\/v2\/types\/page"}],"author":[{"embeddable":true,"href":"https:\/\/geoexchange.ro\/ro\/wp-json\/wp\/v2\/users\/1"}],"replies":[{"embeddable":true,"href":"https:\/\/geoexchange.ro\/ro\/wp-json\/wp\/v2\/comments?post=12915"}],"version-history":[{"count":16,"href":"https:\/\/geoexchange.ro\/ro\/wp-json\/wp\/v2\/pages\/12915\/revisions"}],"predecessor-version":[{"id":12997,"href":"https:\/\/geoexchange.ro\/ro\/wp-json\/wp\/v2\/pages\/12915\/revisions\/12997"}],"up":[{"embeddable":true,"href":"https:\/\/geoexchange.ro\/ro\/wp-json\/wp\/v2\/pages\/673"}],"wp:attachment":[{"href":"https:\/\/geoexchange.ro\/ro\/wp-json\/wp\/v2\/media?parent=12915"}],"curies":[{"name":"wp","href":"https:\/\/api.w.org\/{rel}","templated":true}]}}