{"id":12917,"date":"2025-04-24T13:30:29","date_gmt":"2025-04-24T10:30:29","guid":{"rendered":"https:\/\/dev.geoexchange.ro\/?page_id=12917"},"modified":"2025-05-13T10:54:54","modified_gmt":"2025-05-13T07:54:54","slug":"regeocities","status":"publish","type":"page","link":"https:\/\/geoexchange.ro\/ro\/projects\/regeocities\/","title":{"rendered":"REGEOCITIES"},"content":{"rendered":"<div data-elementor-type=\"wp-page\" data-elementor-id=\"12917\" class=\"elementor elementor-12917\" data-elementor-post-type=\"page\">\n\t\t\t\t<div class=\"elementor-element elementor-element-2349857 e-flex e-con-boxed wpr-particle-no wpr-jarallax-no wpr-parallax-no wpr-sticky-section-no e-con e-parent\" data-id=\"2349857\" data-element_type=\"container\" data-e-type=\"container\">\n\t\t\t\t\t<div class=\"e-con-inner\">\n\t\t\t\t<div class=\"elementor-element elementor-element-2cb267b elementor-widget elementor-widget-heading\" data-id=\"2cb267b\" data-element_type=\"widget\" data-e-type=\"widget\" data-widget_type=\"heading.default\">\n\t\t\t\t<div class=\"elementor-widget-container\">\n\t\t\t\t\t<h1 class=\"elementor-heading-title elementor-size-default\">REGEOCITIES<\/h1>\t\t\t\t<\/div>\n\t\t\t\t<\/div>\n\t\t\t\t<div class=\"elementor-element elementor-element-84eb8ca elementor-widget elementor-widget-heading\" data-id=\"84eb8ca\" data-element_type=\"widget\" data-e-type=\"widget\" data-widget_type=\"heading.default\">\n\t\t\t\t<div class=\"elementor-widget-container\">\n\t\t\t\t\t<h4 class=\"elementor-heading-title elementor-size-default\">Reglement\u0103ri privind sistemele HP geotermale la nivel local \u0219i regional \u00een Europa<\/h4>\t\t\t\t<\/div>\n\t\t\t\t<\/div>\n\t\t\t\t\t<\/div>\n\t\t\t\t<\/div>\n\t\t<div class=\"elementor-element elementor-element-616962c e-flex e-con-boxed wpr-particle-no wpr-jarallax-no wpr-parallax-no wpr-sticky-section-no e-con e-parent\" data-id=\"616962c\" data-element_type=\"container\" data-e-type=\"container\">\n\t\t\t\t\t<div class=\"e-con-inner\">\n\t\t\t\t<div class=\"elementor-element elementor-element-9928b31 elementor-widget elementor-widget-text-editor\" data-id=\"9928b31\" data-element_type=\"widget\" data-e-type=\"widget\" data-widget_type=\"text-editor.default\">\n\t\t\t\t<div class=\"elementor-widget-container\">\n\t\t\t\t\t\t\t\t\t<p>REGEOCITIES este un proiect european finan\u021bat prin Programul IEE (IEE-11-041) axat pe atingerea \u021bintelor NREAP privind energia geotermal\u0103 pentru 2020, marcate de \u021b\u0103rile cu obiective ambi\u021bioase \u00een ceea ce prive\u0219te sistemele de energie geotermal\u0103 de mic\u0103 ad\u00e2ncime, prin eliminarea \u0219i clarificarea barierelor administrative\/ de reglementare non-tehnice la nivel local \u0219i regional.<\/p>\t\t\t\t\t\t\t\t<\/div>\n\t\t\t\t<\/div>\n\t\t\t\t<div class=\"elementor-element elementor-element-f0fe1e2 elementor-widget elementor-widget-heading\" data-id=\"f0fe1e2\" data-element_type=\"widget\" data-e-type=\"widget\" data-widget_type=\"heading.default\">\n\t\t\t\t<div class=\"elementor-widget-container\">\n\t\t\t\t\t<h4 class=\"elementor-heading-title elementor-size-default\">PARTENERI<\/h4>\t\t\t\t<\/div>\n\t\t\t\t<\/div>\n\t\t\t\t<div class=\"elementor-element elementor-element-d0c773b elementor-widget elementor-widget-text-editor\" data-id=\"d0c773b\" data-element_type=\"widget\" data-e-type=\"widget\" data-widget_type=\"text-editor.default\">\n\t\t\t\t<div class=\"elementor-widget-container\">\n\t\t\t\t\t\t\t\t\t<p>13 parteneri din 11 \u021b\u0103ri au fost implica\u021bi \u00een REGEOCITIES:<\/p>\t\t\t\t\t\t\t\t<\/div>\n\t\t\t\t<\/div>\n\t\t\t\t<div class=\"elementor-element elementor-element-ec4a0cc elementor-widget elementor-widget-text-editor\" data-id=\"ec4a0cc\" data-element_type=\"widget\" data-e-type=\"widget\" data-widget_type=\"text-editor.default\">\n\t\t\t\t<div class=\"elementor-widget-container\">\n\t\t\t\t\t\t\t\t\t<p><strong data-start=\"465\" data-end=\"485\">PARTENERI DE PROIECT<\/strong><\/p><ul><li><p>CO1 - AIDICO - Association de Industrias de la Construccion - SPANIA<\/p><\/li><li><p>CB2 - EGEC - Consiliul European pentru Energie Geotermal - BELGIA<\/p><\/li><li><p>CB3 - UPVLC - Universidad Politecnica de Valencia - SPANIA<\/p><\/li><li><p>CB4 - SRG - Societatea Romana Geoexchange - ROMANIA<\/p><\/li><li><p>CB5 - BRGM - Bureau de Recherches Geologiques et Minieres - FRAN\u021aA<\/p><\/li><li><p>CB6 - UBEG - UbeG Dr. Erich Mands &amp; Marc Sauer GbR - GERMANIA<\/p><\/li><li><p>CB7 - CRES - Centrul pentru Surse \u0219i Economii de Energie Regenerabil\u0103 - GRECIA<\/p><\/li><li><p>CB8 - SP - SP Sveriges Tekniska Forskningsinstitut - SUEDIA<\/p><\/li><li><p>CB9 - GEUS - De National Geologiske Undersogelser - DANEMARCA<\/p><\/li><li><p>CB10 - SLR - SLR Environmental Consulting - IRLANDA<\/p><\/li><li><p>CB11 - IF - IF Technology B.V. - \u021a\u0102RILE DE JOS<\/p><\/li><li><p>CB12 - SSSPA - Scuola Superiore di Studi e di Perfezionamento Sant'Anna - ITALIA<\/p><\/li><li><p>CB13 - SPW - Service Public de Wallonie Departament de l'Energie - BELGIA<\/p><\/li><\/ul>\t\t\t\t\t\t\t\t<\/div>\n\t\t\t\t<\/div>\n\t\t\t\t<div class=\"elementor-element elementor-element-f32a2d5 elementor-widget elementor-widget-heading\" data-id=\"f32a2d5\" data-element_type=\"widget\" data-e-type=\"widget\" data-widget_type=\"heading.default\">\n\t\t\t\t<div class=\"elementor-widget-container\">\n\t\t\t\t\t<h4 class=\"elementor-heading-title elementor-size-default\">DURATA <\/h4>\t\t\t\t<\/div>\n\t\t\t\t<\/div>\n\t\t\t\t<div class=\"elementor-element elementor-element-6aaa1bc elementor-widget elementor-widget-text-editor\" data-id=\"6aaa1bc\" data-element_type=\"widget\" data-e-type=\"widget\" data-widget_type=\"text-editor.default\">\n\t\t\t\t<div class=\"elementor-widget-container\">\n\t\t\t\t\t\t\t\t\t<p>Proiectul s-a desf\u0103\u0219urat pe o durat\u0103 total\u0103 de 36 de luni, de la 1 mai 2012 la 30 aprilie 2015.<\/p>\t\t\t\t\t\t\t\t<\/div>\n\t\t\t\t<\/div>\n\t\t\t\t<div class=\"elementor-element elementor-element-3de133d elementor-widget elementor-widget-heading\" data-id=\"3de133d\" data-element_type=\"widget\" data-e-type=\"widget\" data-widget_type=\"heading.default\">\n\t\t\t\t<div class=\"elementor-widget-container\">\n\t\t\t\t\t<h4 class=\"elementor-heading-title elementor-size-default\">OBIECTIVE STRATEGICE<\/h4>\t\t\t\t<\/div>\n\t\t\t\t<\/div>\n\t\t\t\t<div class=\"elementor-element elementor-element-f42d48d elementor-widget elementor-widget-text-editor\" data-id=\"f42d48d\" data-element_type=\"widget\" data-e-type=\"widget\" data-widget_type=\"text-editor.default\">\n\t\t\t\t<div class=\"elementor-widget-container\">\n\t\t\t\t\t\t\t\t\t<ul><li data-start=\"1742\" data-end=\"1870\"><p>Realizarea metodologiei europene comune pentru reglementarea \u0219i punerea \u00een aplicare a sistemelor de energie geotermal\u0103 de suprafa\u021b\u0103 urban\u0103 ca instrument pentru \u00eendeplinirea sarcinilor PNAER. Reglementarea \u0219i stimularea utiliz\u0103rii GSHP \u00een reabilitarea cl\u0103dirilor existente \u0219i transformarea acestora \u00een cl\u0103diri nZEB \u00een conformitate cu EPBD Recast. Pentru ora\u0219ele selectate din \u021b\u0103rile partenere, acest obiectiv va fi ini\u021biat \u00een timpul proiectului.<\/p><\/li><li data-start=\"1742\" data-end=\"1870\"><p>Punerea \u00een aplicare a unui program de formare complet \u0219i exhaustiv pentru managerii energetici municipali pentru a contribui la extinderea prezen\u021bei energiei geotermale de suprafa\u021b\u0103 \u00een aplica\u021biile urbane \u0219i la finalizarea corespunz\u0103toare a planurilor de ac\u021biune energetic\u0103 ale ora\u0219elor (SEAP).<\/p><\/li><li data-start=\"1742\" data-end=\"1870\"><p>Cre\u0219terea calit\u0103\u021bii solu\u021biilor tehnice \u0219i a echipamentelor GSHP pe pia\u021ba european\u0103 pentru a satisface cel mai \u00eenalt grad al utilizatorilor finali \u0219i pentru a reduce consumul de energie primar\u0103 pentru \u00eenc\u0103lzire - r\u0103cire \u00een cl\u0103dirile urbane cu 40-60%.<\/p><\/li><li data-start=\"1742\" data-end=\"1870\"><p>Integrarea energiei geotermale de suprafa\u021b\u0103 \u00een conceptul SMART CITIES 2011, pentru a pune \u00een aplicare solu\u021bii durabile \u00een \u00eenc\u0103lzirea - r\u0103cirea cl\u0103dirilor publice \u0219i \u00een sistemele centralizate de \u00eenc\u0103lzire - r\u0103cire \u00een zona urban\u0103.<\/p><\/li><\/ul>\t\t\t\t\t\t\t\t<\/div>\n\t\t\t\t<\/div>\n\t\t\t\t<div class=\"elementor-element elementor-element-e310582 elementor-widget elementor-widget-heading\" data-id=\"e310582\" data-element_type=\"widget\" data-e-type=\"widget\" data-widget_type=\"heading.default\">\n\t\t\t\t<div class=\"elementor-widget-container\">\n\t\t\t\t\t<h4 class=\"elementor-heading-title elementor-size-default\">OBIECTIVE SPECIFICE<\/h4>\t\t\t\t<\/div>\n\t\t\t\t<\/div>\n\t\t\t\t<div class=\"elementor-element elementor-element-7de11ab elementor-widget elementor-widget-text-editor\" data-id=\"7de11ab\" data-element_type=\"widget\" data-e-type=\"widget\" data-widget_type=\"text-editor.default\">\n\t\t\t\t<div class=\"elementor-widget-container\">\n\t\t\t\t\t\t\t\t\t<ul><li data-start=\"2468\" data-end=\"2599\"><p>Colectarea de date actualizate privind condi\u021biile de pia\u021b\u0103 \u0219i barierele din calea aplica\u021biilor energiei geotermale de suprafa\u021b\u0103 \u00een \u021b\u0103rile partenere. Transpunerea acestora \u00een recomand\u0103ri de reglementare pentru sector.<\/p><\/li><li data-start=\"2468\" data-end=\"2599\"><p>Instituirea de m\u0103suri de stimulare, \u00een special prin reglementarea corespunz\u0103toare a pie\u021bei GSHP pentru \u00eendeplinirea m\u0103surilor NREAP \u00een \u021b\u0103rile partenere. Conceperea \u0219i punerea \u00een aplicare a unui sistem statistic comun \u0219i a unui manual de \u00eenregistrare a sistemelor GSHP instalate \u00een Europa pentru a analiza poten\u021bialul lor real \u0219i a monitoriza punerea \u00een aplicare a NREAP \u00een domeniul GSHP. Punerea \u00een aplicare a studiilor de caz \u00een anumite ora\u0219e din \u021b\u0103rile partenere REGEOCITIES.<\/p><\/li><li data-start=\"2468\" data-end=\"2599\"><p>Transferul de cuno\u0219tin\u021be \u0219i instrumente de formare pentru dezvoltarea de sisteme de formare pentru managerii energetici \u0219i autorit\u0103\u021bile locale. Crearea de birouri HelpDesk \u00een cadrul municipalit\u0103\u021bilor \u0219i autorit\u0103\u021bilor publice.<\/p><\/li><li data-start=\"2468\" data-end=\"2599\"><p>Diseminarea de informa\u021bii\/solu\u021bii c\u0103tre factorii de decizie europeni\/na\u021bionali\/regionali\/locali, autorit\u0103\u021bi locale, agen\u021bii energetice, companii geotermale, dezvoltatori \u0219i operatori, ESCO etc. prin studii de pia\u021b\u0103, studii de impact social \u0219i economic ale utiliz\u0103rii GSHP la scar\u0103 larg\u0103 \u00een fiecare \u021bar\u0103 partener\u0103 REGEOCITIES. Crearea unui site web de diseminare, organizarea de ateliere, lansarea de campanii de promovare \u0219i diseminare a rezultatelor, diseminarea pe postere, pliante.<\/p><\/li><\/ul>\t\t\t\t\t\t\t\t<\/div>\n\t\t\t\t<\/div>\n\t\t\t\t<div class=\"elementor-element elementor-element-abe6168 elementor-widget elementor-widget-heading\" data-id=\"abe6168\" data-element_type=\"widget\" data-e-type=\"widget\" data-widget_type=\"heading.default\">\n\t\t\t\t<div class=\"elementor-widget-container\">\n\t\t\t\t\t<h4 class=\"elementor-heading-title elementor-size-default\">GRUPURI \u021aINT\u0102 \u0218I P\u0102R\u021aI INTERESATE<\/h4>\t\t\t\t<\/div>\n\t\t\t\t<\/div>\n\t\t\t\t<div class=\"elementor-element elementor-element-2ca86cd elementor-widget elementor-widget-text-editor\" data-id=\"2ca86cd\" data-element_type=\"widget\" data-e-type=\"widget\" data-widget_type=\"text-editor.default\">\n\t\t\t\t<div class=\"elementor-widget-container\">\n\t\t\t\t\t\t\t\t\t<ul><li data-start=\"3170\" data-end=\"3423\"><p data-start=\"3172\" data-end=\"3243\"><strong data-start=\"3172\" data-end=\"3191\">Factorii de decizie<\/strong> la nivel european, na\u021bional, regional \u0219i local<\/p><ul data-start=\"3246\" data-end=\"3423\"><li data-start=\"3246\" data-end=\"3290\"><p data-start=\"3248\" data-end=\"3290\">Direct: Autorit\u0103\u021bi din \u021b\u0103rile partenere<\/p><\/li><li data-start=\"3293\" data-end=\"3423\"><p data-start=\"3295\" data-end=\"3423\">Indirect: prin intermediul unei <strong data-start=\"3316\" data-end=\"3338\">Comitetul consultativ<\/strong> reprezent\u00e2nd alte municipalit\u0103\u021bi \u0219i organisme regionale, de ex. <strong data-start=\"3399\" data-end=\"3421\">Conven\u021bia primarilor<\/strong><\/p><\/li><\/ul><\/li><li data-start=\"3424\" data-end=\"3512\"><p data-start=\"3426\" data-end=\"3512\">GeoCompanii din sectorul energiei geotermale de suprafa\u021b\u0103 (inclusiv foratori, produc\u0103tori de GSHP, proiectan\u021bi, instalatori etc.) care se confrunt\u0103 direct cu bariere netehnice \u0219i sunt interesate de rezultatele REGEOCITIES.<\/p><\/li><li data-start=\"3424\" data-end=\"3512\"><p data-start=\"3426\" data-end=\"3512\">Dezvoltatorii imobiliari, companiile de construc\u021bii \u0219i proiectan\u021bii interesa\u021bi de utilizarea SER \u00een cl\u0103diri pentru a respecta dispozi\u021biile directivelor europene \u0219i pentru a cre\u0219te valoarea propriet\u0103\u021bilor respective vor fi implica\u021bi \u00een identificarea barierelor de reglementare.<\/p><\/li><li data-start=\"3424\" data-end=\"3512\"><p data-start=\"3426\" data-end=\"3512\">Companiile de servicii energetice (ESCO) \u0219i companiile de consultan\u021b\u0103 din domeniul \u00eenc\u0103lzirii\/r\u0103cirii cu surse regenerabile de energie pentru a include experien\u021ba lor pe pia\u021ba aplica\u021biilor GSHP. <\/p><\/li><\/ul>\t\t\t\t\t\t\t\t<\/div>\n\t\t\t\t<\/div>\n\t\t\t\t<div class=\"elementor-element elementor-element-4f70ace elementor-widget elementor-widget-heading\" data-id=\"4f70ace\" data-element_type=\"widget\" data-e-type=\"widget\" data-widget_type=\"heading.default\">\n\t\t\t\t<div class=\"elementor-widget-container\">\n\t\t\t\t\t<h4 class=\"elementor-heading-title elementor-size-default\">PROGRAMUL DE LUCRU \u0218I PACHETELE DE LUCRU (WP)<\/h4>\t\t\t\t<\/div>\n\t\t\t\t<\/div>\n\t\t\t\t<div class=\"elementor-element elementor-element-33e9aa4 elementor-widget elementor-widget-image\" data-id=\"33e9aa4\" data-element_type=\"widget\" data-e-type=\"widget\" data-widget_type=\"image.default\">\n\t\t\t\t<div class=\"elementor-widget-container\">\n\t\t\t\t\t\t\t\t\t\t\t\t\t\t\t<img fetchpriority=\"high\" decoding=\"async\" width=\"600\" height=\"362\" src=\"https:\/\/geoexchange.ro\/wp-content\/uploads\/2025\/05\/program-lucru-regeocities.png\" class=\"attachment-large size-large wp-image-13009\" alt=\"\" srcset=\"https:\/\/geoexchange.ro\/wp-content\/uploads\/2025\/05\/program-lucru-regeocities.png 600w, https:\/\/geoexchange.ro\/wp-content\/uploads\/2025\/05\/program-lucru-regeocities-300x181.png 300w\" sizes=\"(max-width: 600px) 100vw, 600px\" \/>\t\t\t\t\t\t\t\t\t\t\t\t\t\t\t<\/div>\n\t\t\t\t<\/div>\n\t\t\t\t<div class=\"elementor-element elementor-element-35b3c9d elementor-widget elementor-widget-text-editor\" data-id=\"35b3c9d\" data-element_type=\"widget\" data-e-type=\"widget\" data-widget_type=\"text-editor.default\">\n\t\t\t\t<div class=\"elementor-widget-container\">\n\t\t\t\t\t\t\t\t\t<ul><li data-start=\"3170\" data-end=\"3423\"><ul><li data-start=\"3763\" data-end=\"3804\"><p data-start=\"3765\" data-end=\"3804\"><strong data-start=\"3765\" data-end=\"3793\">WP1 - Managementul proiectului<\/strong> - AIDICO<\/p><\/li><li data-start=\"3805\" data-end=\"3862\"><p data-start=\"3807\" data-end=\"3862\"><strong data-start=\"3807\" data-end=\"3853\">WP2 - Analiza cadrului juridic existent<\/strong> - BRGM<\/p><\/li><li data-start=\"3863\" data-end=\"3929\"><p data-start=\"3865\" data-end=\"3929\"><strong data-start=\"3865\" data-end=\"3921\">WP3 - Recomand\u0103ri pentru un nou cadru de reglementare<\/strong> - SLR<\/p><\/li><li data-start=\"3930\" data-end=\"4133\"><p data-start=\"3932\" data-end=\"3966\"><strong data-start=\"3932\" data-end=\"3950\">WP4 - Formare<\/strong> - UPVLC &amp; RGS<\/p><ul data-start=\"3969\" data-end=\"4133\"><li data-start=\"3969\" data-end=\"4015\"><p data-start=\"3971\" data-end=\"4015\">4.1 - Proiectarea programului de formare - UPVLC<\/p><\/li><li data-start=\"4018\" data-end=\"4079\"><p data-start=\"4020\" data-end=\"4079\">4.2 - Punerea \u00een aplicare a activit\u0103\u021bilor de formare - UPVLC &amp; RGS<\/p><\/li><li data-start=\"4082\" data-end=\"4133\"><p data-start=\"4084\" data-end=\"4133\">4.3 - Dezvoltarea materialelor HelpDesk - UPVLC<\/p><\/li><\/ul><\/li><li data-start=\"4134\" data-end=\"4451\"><p data-start=\"4136\" data-end=\"4204\"><strong data-start=\"4136\" data-end=\"4189\">WP5 - Comunicare, promovare \u0219i diseminare<\/strong> - EGEC &amp; RGS<\/p><ul data-start=\"4207\" data-end=\"4451\"><li data-start=\"4207\" data-end=\"4260\"><p data-start=\"4209\" data-end=\"4260\">5.1 - Planul de diseminare \u0219i comunicare - EGEC<\/p><\/li><li data-start=\"4263\" data-end=\"4299\"><p data-start=\"4265\" data-end=\"4299\">5.2 - Dezvoltarea site-ului web - EGEC<\/p><\/li><li data-start=\"4302\" data-end=\"4365\"><p data-start=\"4304\" data-end=\"4365\">5.3 - Ac\u021biuni cu Conven\u021bia primarilor pentru sprijinirea SEAP - RGS<\/p><\/li><li data-start=\"4368\" data-end=\"4406\"><p data-start=\"4370\" data-end=\"4406\">5.4 - Diseminare general\u0103 - EGEC<\/p><\/li><li data-start=\"4409\" data-end=\"4451\"><p data-start=\"4411\" data-end=\"4451\">5.5 - Campanie promo\u021bional\u0103 GSHP - EGEC<\/p><\/li><\/ul><\/li><li data-start=\"4452\" data-end=\"4509\"><p data-start=\"4454\" data-end=\"4509\"><strong data-start=\"4454\" data-end=\"4500\">WP6 - Diseminare la nivelul programului EIE<\/strong> - AIDICO<\/p><\/li><\/ul><\/li><li data-start=\"3424\" data-end=\"3512\">\u00a0<\/li><\/ul>\t\t\t\t\t\t\t\t<\/div>\n\t\t\t\t<\/div>\n\t\t\t\t\t<\/div>\n\t\t\t\t<\/div>\n\t\t<div class=\"elementor-element elementor-element-c1e096c e-flex e-con-boxed wpr-particle-no wpr-jarallax-no wpr-parallax-no wpr-sticky-section-no e-con e-parent\" data-id=\"c1e096c\" data-element_type=\"container\" data-e-type=\"container\">\n\t\t\t\t\t<div class=\"e-con-inner\">\n\t\t\t\t\t<\/div>\n\t\t\t\t<\/div>\n\t\t\t\t<\/div>","protected":false},"excerpt":{"rendered":"<p>REGEOCITIES Reglement\u0103ri ale sistemelor HP geotermale la nivel local \u0219i regional \u00een Europa REGEOCITIES este un proiect european finan\u021bat prin Programul IEE (IEE-11-041) axat pe atingerea \u021bintelor geotermale NREAP 2020 marcate de \u021b\u0103ri cu obiective ambi\u021bioase \u00een ceea ce prive\u0219te sistemele de energie geotermal\u0103 de mic\u0103 ad\u00e2ncime prin eliminarea \u0219i clarificarea barierelor administrative\/ de reglementare non-tehnice la nivel local \u0219i regional. PARTENERI 13 parteneri din 11 \u021b\u0103ri au fost implica\u021bi \u00een REGEOCITIES: PARTENERI PROIECT CO1 - AIDICO - Association de Industrias de la Construccion - SPANIA CB2 - EGEC - European Geothermal Energy Council - BELGIA CB3 - UPVLC - Universidad Politecnica de Valencia - SPANIA CB4 - SRG - Societatea Romana Geoexchange - ROM\u00c2NIA CB5 - BRGM - Bureau de Recherches Geologiques et Minieres - FRANTA CB6 - UBEG - UbeG Dr. Erich Mands &amp; Marc Sauer GbR - GERMANIA CB7 - CRES - Centre for Renewable Energy Sources and Savings - GRECIA CB8 - SP - SP Sveriges Tekniska Forskningsinstitut - SUEDIA CB9 - GEUS - De National Geologiske Undersogelser - DANEMARCA CB10 - SLR - SLR Environmental Consulting - IRLANDA CB11 - IF - IF Technology B.V. - \u021a\u0102RILE DE JOS CB12 - SSSPA - Scuola Superiore di Studi e di Perfezionamento Sant'Anna - ITALIA CB13 - SPW - Service Public de Wallonie Departament de l'Energie - BELGIA DURATA Proiectul a avut o durat\u0103 total\u0103 de 36 de luni, de la 1 mai 2012 la 30 aprilie 2015. OBIECTIVE STRATEGICE Realizarea metodologiei europene comune pentru reglementarea \u0219i punerea \u00een aplicare a sistemelor de energie geotermal\u0103 de suprafa\u021b\u0103 urban\u0103 ca instrument pentru \u00eendeplinirea sarcinilor PNAER. Reglementarea \u0219i stimularea utiliz\u0103rii GSHP \u00een reabilitarea cl\u0103dirilor existente \u0219i transformarea acestora \u00een cl\u0103diri nZEB \u00een conformitate cu EPBD Recast. Pentru ora\u0219ele selectate din \u021b\u0103rile partenere, acest obiectiv va fi ini\u021biat \u00een timpul proiectului. Punerea \u00een aplicare a unui program de formare complet \u0219i exhaustiv pentru managerii energetici municipali pentru a contribui la extinderea prezen\u021bei energiei geotermale de suprafa\u021b\u0103 \u00een aplica\u021biile urbane \u0219i la finalizarea corespunz\u0103toare a planurilor de ac\u021biune energetic\u0103 ale ora\u0219elor (SEAP). Cre\u0219terea calit\u0103\u021bii solu\u021biilor tehnice \u0219i a echipamentelor GSHP pe pia\u021ba european\u0103 pentru a satisface cel mai \u00eenalt grad al utilizatorilor finali \u0219i pentru a reduce consumul de energie primar\u0103 pentru \u00eenc\u0103lzire - r\u0103cire \u00een cl\u0103dirile urbane cu 40-60%. Integrarea energiei geotermale de suprafa\u021b\u0103 \u00een conceptul SMART CITIES 2011, pentru a pune \u00een aplicare solu\u021bii durabile \u00een \u00eenc\u0103lzirea - r\u0103cirea cl\u0103dirilor publice \u0219i \u00een sistemele centralizate de \u00eenc\u0103lzire - r\u0103cire \u00een zona urban\u0103. OBIECTIVE SPECIFICE Colectarea de date actualizate privind condi\u021biile de pia\u021b\u0103 \u0219i barierele din calea aplic\u0103rii energiei geotermale de suprafa\u021b\u0103 \u00een \u021b\u0103rile partenere. Transpunerea acestora \u00een recomand\u0103ri de reglementare pentru sector. Stabilirea de m\u0103suri de stimulare, \u00een special prin reglementarea corespunz\u0103toare a pie\u021bei GSHP pentru \u00eendeplinirea m\u0103surilor NREAP \u00een \u021b\u0103rile partenere. Conceperea \u0219i punerea \u00een aplicare a unui sistem statistic comun \u0219i a unui manual de \u00eenregistrare a sistemelor GSHP instalate \u00een Europa pentru a analiza poten\u021bialul lor real \u0219i a monitoriza punerea \u00een aplicare a NREAP \u00een domeniul GSHP. Punerea \u00een aplicare a studiilor de caz \u00een anumite ora\u0219e din \u021b\u0103rile partenere REGEOCITIES. Transfer de cuno\u0219tin\u021be \u0219i instrumente de formare pentru dezvoltarea de sisteme de formare pentru managerii energetici \u0219i autorit\u0103\u021bile locale. Crearea de birouri HelpDesk \u00een cadrul municipalit\u0103\u021bilor \u0219i autorit\u0103\u021bilor publice. Diseminarea de informa\u021bii\/solu\u021bii c\u0103tre factorii de decizie europeni\/na\u021bionali\/regionali\/locali, autorit\u0103\u021bi locale, agen\u021bii energetice, companii geotermale, dezvoltatori \u0219i operatori, ESCO etc. prin studii de pia\u021b\u0103, studii de impact social \u0219i economic ale utiliz\u0103rii GSHP la scar\u0103 larg\u0103 \u00een fiecare \u021bar\u0103 partener\u0103 REGEOCITIES. Crearea unui site web de diseminare, organizarea de ateliere, lansarea de campanii de promovare \u0219i diseminare a rezultatelor, diseminare pe postere, pliante. GRUPURI \u021aINT\u0102 \u0218I STAKEHOLDERS Factori de decizie la nivel european, na\u021bional, regional \u0219i local Direct: Autorit\u0103\u021bile din \u021b\u0103rile partenere Indirect: Prin intermediul unui comitet consultativ care reprezint\u0103 alte municipalit\u0103\u021bi \u0219i organisme regionale, de exemplu Conven\u021bia primarilor GeoCompanii din sectorul energiei geotermale de suprafa\u021b\u0103 (inclusiv foratori, produc\u0103tori de GSHP, proiectan\u021bi, instalatori etc.) care se confrunt\u0103 direct cu bariere netehnice \u0219i sunt interesate de rezultatele REGEOCITIES. Dezvoltatorii imobiliari, companiile de construc\u021bii \u0219i proiectan\u021bii interesa\u021bi de utilizarea SER \u00een cl\u0103diri pentru a respecta dispozi\u021biile directivelor europene \u0219i pentru a cre\u0219te valoarea propriet\u0103\u021bilor respective vor fi implica\u021bi \u00een identificarea barierelor de reglementare. Companiile de servicii energetice (ESCO) \u0219i companiile de consultan\u021b\u0103 \u00een domeniul \u00eenc\u0103lzirii\/r\u0103cirii cu RES pentru a include experien\u021ba lor pe pia\u021ba aplica\u021biilor GSHP. Programul de lucru \u0219i pachetele de lucru (WP) WP1 - Managementul proiectului - AIDICO WP2 - Analiza cadrului juridic existent - BRGM WP3 - Recomand\u0103ri pentru un nou cadru de reglementare - SLR WP4 - Formare - UPVLC &amp; RGS 4.1 - Elaborarea programului de formare - UPVLC 4.2 - Punerea \u00een aplicare a activit\u0103\u021bilor de formare - UPVLC &amp; RGS 4.3 - Elaborarea programului de formare - UPVLC &amp; RGS 4.4 - Elaborarea programului de formare - UPVLC &amp; RGS3 - Elaborarea materialelor HelpDesk - UPVLC WP5 - Comunicare, promovare \u0219i diseminare - EGEC &amp; RGS 5.1 - Planul de diseminare \u0219i comunicare - EGEC 5.2 - Dezvoltarea site-ului web - EGEC 5.3 - Ac\u021biuni cu Conven\u021bia primarilor pentru sprijinirea SEAP - RGS 5.4 - Diseminare general\u0103 - EGEC 5.5 - Campanie de promovare GSHP - EGEC WP6 - Diseminare la nivelul programului IEE - AIDICO \u00a0<\/p>","protected":false},"author":1,"featured_media":0,"parent":673,"menu_order":5,"comment_status":"closed","ping_status":"closed","template":"","meta":{"footnotes":""},"class_list":["post-12917","page","type-page","status-publish","hentry"],"_links":{"self":[{"href":"https:\/\/geoexchange.ro\/ro\/wp-json\/wp\/v2\/pages\/12917","targetHints":{"allow":["GET"]}}],"collection":[{"href":"https:\/\/geoexchange.ro\/ro\/wp-json\/wp\/v2\/pages"}],"about":[{"href":"https:\/\/geoexchange.ro\/ro\/wp-json\/wp\/v2\/types\/page"}],"author":[{"embeddable":true,"href":"https:\/\/geoexchange.ro\/ro\/wp-json\/wp\/v2\/users\/1"}],"replies":[{"embeddable":true,"href":"https:\/\/geoexchange.ro\/ro\/wp-json\/wp\/v2\/comments?post=12917"}],"version-history":[{"count":4,"href":"https:\/\/geoexchange.ro\/ro\/wp-json\/wp\/v2\/pages\/12917\/revisions"}],"predecessor-version":[{"id":13012,"href":"https:\/\/geoexchange.ro\/ro\/wp-json\/wp\/v2\/pages\/12917\/revisions\/13012"}],"up":[{"embeddable":true,"href":"https:\/\/geoexchange.ro\/ro\/wp-json\/wp\/v2\/pages\/673"}],"wp:attachment":[{"href":"https:\/\/geoexchange.ro\/ro\/wp-json\/wp\/v2\/media?parent=12917"}],"curies":[{"name":"wp","href":"https:\/\/api.w.org\/{rel}","templated":true}]}}