{"id":12919,"date":"2025-04-24T13:30:44","date_gmt":"2025-04-24T10:30:44","guid":{"rendered":"https:\/\/dev.geoexchange.ro\/?page_id=12919"},"modified":"2025-05-13T11:19:52","modified_gmt":"2025-05-13T08:19:52","slug":"robust","status":"publish","type":"page","link":"https:\/\/geoexchange.ro\/ro\/projects\/robust\/","title":{"rendered":"ROBUST"},"content":{"rendered":"<div data-elementor-type=\"wp-page\" data-elementor-id=\"12919\" class=\"elementor elementor-12919\" data-elementor-post-type=\"page\">\n\t\t\t\t<div class=\"elementor-element elementor-element-8bcf02b e-flex e-con-boxed wpr-particle-no wpr-jarallax-no wpr-parallax-no wpr-sticky-section-no e-con e-parent\" data-id=\"8bcf02b\" data-element_type=\"container\" data-e-type=\"container\">\n\t\t\t\t\t<div class=\"e-con-inner\">\n\t\t\t\t<div class=\"elementor-element elementor-element-a4e04d8 elementor-widget elementor-widget-heading\" data-id=\"a4e04d8\" data-element_type=\"widget\" data-e-type=\"widget\" data-widget_type=\"heading.default\">\n\t\t\t\t<div class=\"elementor-widget-container\">\n\t\t\t\t\t<h1 class=\"elementor-heading-title elementor-size-default\">ROBUST<\/h1>\t\t\t\t<\/div>\n\t\t\t\t<\/div>\n\t\t\t\t<div class=\"elementor-element elementor-element-e65a586 elementor-widget elementor-widget-text-editor\" data-id=\"e65a586\" data-element_type=\"widget\" data-e-type=\"widget\" data-widget_type=\"text-editor.default\">\n\t\t\t\t<div class=\"elementor-widget-container\">\n\t\t\t\t\t\t\t\t\t<p>RGS a fost subcontractor al AIIR - Asocia\u021bia Inginerilor Instalatori din Rom\u00e2nia \u00een cadrul proiectului ROBUST - \u201cBuild-Up Skills Romania: Platform\u0103 \u0219i foaie de parcurs pentru calificarea for\u021bei de munc\u0103 necesare \u00een domeniul eficien\u021bei energetice \u0219i al utiliz\u0103rii surselor regenerabile de energie \u00een cl\u0103diri pentru atingerea obiectivelor 2020\u201d <a href=\"https:\/\/buildupskills.ro\/arhiva-robust\/platforma.php\">https:\/\/buildupskills.ro\/arhiva-robust\/platforma.php<\/a><\/p>\t\t\t\t\t\t\t\t<\/div>\n\t\t\t\t<\/div>\n\t\t\t\t\t<\/div>\n\t\t\t\t<\/div>\n\t\t<div class=\"elementor-element elementor-element-d9dc6e3 e-flex e-con-boxed wpr-particle-no wpr-jarallax-no wpr-parallax-no wpr-sticky-section-no e-con e-parent\" data-id=\"d9dc6e3\" data-element_type=\"container\" data-e-type=\"container\">\n\t\t\t\t\t<div class=\"e-con-inner\">\n\t\t\t\t<div class=\"elementor-element elementor-element-ff50e07 elementor-widget elementor-widget-heading\" data-id=\"ff50e07\" data-element_type=\"widget\" data-e-type=\"widget\" data-widget_type=\"heading.default\">\n\t\t\t\t<div class=\"elementor-widget-container\">\n\t\t\t\t\t<h4 class=\"elementor-heading-title elementor-size-default\">PARTENERI<\/h4>\t\t\t\t<\/div>\n\t\t\t\t<\/div>\n\t\t\t\t<div class=\"elementor-element elementor-element-0872077 elementor-widget elementor-widget-text-editor\" data-id=\"0872077\" data-element_type=\"widget\" data-e-type=\"widget\" data-widget_type=\"text-editor.default\">\n\t\t\t\t<div class=\"elementor-widget-container\">\n\t\t\t\t\t\t\t\t\t<ul><li><span class=\"HwtZe\" lang=\"en\"><span class=\"jCAhz ChMk0b\"><span class=\"ryNqvb\">CO Institutul Na\u021bional de Cercetare \u0219i Dezvoltare \u00een Construc\u021bii, Urbanism \u0219i Dezvoltare Teritorial\u0103 Durabil\u0103 \u201cURBAN-INCERC\u201d <\/span><\/span><\/span><\/li><li><span class=\"HwtZe\" lang=\"en\"><span class=\"jCAhz ChMk0b\"><span class=\"ryNqvb\">CB2 Asocia\u021bia Inginerilor Instalatori din Rom\u00e2nia<\/span><\/span><\/span><\/li><li><span class=\"HwtZe\" lang=\"en\"><span class=\"jCAhz ChMk0b\"><span class=\"ryNqvb\"> CB3 Orase Energie Rom\u00e2nia <\/span><\/span><\/span><\/li><li><span class=\"HwtZe\" lang=\"en\"><span class=\"jCAhz ChMk0b\"><span class=\"ryNqvb\">Grupul de dezvoltare a afacerilor CB4 <\/span><\/span><\/span><\/li><li><span class=\"HwtZe\" lang=\"en\"><span class=\"jCAhz ChMk0b\"><span class=\"ryNqvb\">CB5 Asocia\u021bia angajatorilor de noi surse de energie <\/span><\/span><\/span><\/li><li><span class=\"HwtZe\" lang=\"en\"><span class=\"jCAhz ChMk0b\"><span class=\"ryNqvb\">CB6 Casa Me\u0219te\u0219ugarilor Constructorilor <\/span><\/span><\/span><\/li><li><span class=\"HwtZe\" lang=\"en\"><span class=\"jCAhz ChMk0b\"><span class=\"ryNqvb\">CB7 Ministerul Dezvolt\u0103rii Regionale \u0219i<\/span><\/span><\/span><\/li><li><span class=\"HwtZe\" lang=\"en\"><span class=\"jCAhz ChMk0b\"><span class=\"ryNqvb\">Societatea Rom\u00e2n\u0103 de GEOEXCHANGE<br \/><\/span><\/span><\/span><\/li><li><span class=\"HwtZe\" lang=\"en\"><span class=\"jCAhz ChMk0b\"><span class=\"ryNqvb\">ROMSTAL (Academia Romstal)<\/span><\/span><\/span><\/li><\/ul>\t\t\t\t\t\t\t\t<\/div>\n\t\t\t\t<\/div>\n\t\t\t\t\t<\/div>\n\t\t\t\t<\/div>\n\t\t\t\t<\/div>","protected":false},"excerpt":{"rendered":"<p>ROBUST RGS a fost subcontractor al AIIR - Asocia\u021bia Inginerilor Instalatori din Rom\u00e2nia \u00een cadrul proiectului ROBUST - \u201cBuild-Up Skills Romania: Platform and roadmap for qualifying the workforce needed in the field of energy efficiency and the use of renewable energy sources in buildings to meet the 2020 objectives\u201d https:\/\/buildupskills.ro\/arhiva-robust\/platforma.php PARTENERI CO Institutul Na\u021bional de Cercetare-Dezvoltare \u00een Construc\u021bii, Urbanism \u0219i Dezvoltare Teritorial\u0103 Durabil\u0103 \u201cURBAN-INCERC\u201d CB2 Asocia\u021bia Inginerilor Instalatori din Rom\u00e2nia CB3 Orase Energie Rom\u00e2nia CB4 Business Development Group CB5 Asocia\u021bia Angajatorilor de Surse Noi de Energie CB6 Casa Me\u0219te\u0219ugarilor din Construc\u021bii CB7 Ministerul Dezvolt\u0103rii Regionale \u0219i Societatea Rom\u00e2n\u0103 de GEOEXCHANGE ROMSTAL (Academia Romstal)<\/p>","protected":false},"author":1,"featured_media":0,"parent":673,"menu_order":6,"comment_status":"closed","ping_status":"closed","template":"","meta":{"footnotes":""},"class_list":["post-12919","page","type-page","status-publish","hentry"],"_links":{"self":[{"href":"https:\/\/geoexchange.ro\/ro\/wp-json\/wp\/v2\/pages\/12919","targetHints":{"allow":["GET"]}}],"collection":[{"href":"https:\/\/geoexchange.ro\/ro\/wp-json\/wp\/v2\/pages"}],"about":[{"href":"https:\/\/geoexchange.ro\/ro\/wp-json\/wp\/v2\/types\/page"}],"author":[{"embeddable":true,"href":"https:\/\/geoexchange.ro\/ro\/wp-json\/wp\/v2\/users\/1"}],"replies":[{"embeddable":true,"href":"https:\/\/geoexchange.ro\/ro\/wp-json\/wp\/v2\/comments?post=12919"}],"version-history":[{"count":7,"href":"https:\/\/geoexchange.ro\/ro\/wp-json\/wp\/v2\/pages\/12919\/revisions"}],"predecessor-version":[{"id":13023,"href":"https:\/\/geoexchange.ro\/ro\/wp-json\/wp\/v2\/pages\/12919\/revisions\/13023"}],"up":[{"embeddable":true,"href":"https:\/\/geoexchange.ro\/ro\/wp-json\/wp\/v2\/pages\/673"}],"wp:attachment":[{"href":"https:\/\/geoexchange.ro\/ro\/wp-json\/wp\/v2\/media?parent=12919"}],"curies":[{"name":"wp","href":"https:\/\/api.w.org\/{rel}","templated":true}]}}