{"id":650,"date":"2025-03-31T12:08:42","date_gmt":"2025-03-31T12:08:42","guid":{"rendered":"https:\/\/dev.geoexchange.ro\/?page_id=650"},"modified":"2026-01-19T14:35:50","modified_gmt":"2026-01-19T11:35:50","slug":"about-us","status":"publish","type":"page","link":"https:\/\/geoexchange.ro\/ro\/about-us\/","title":{"rendered":"Despre noi"},"content":{"rendered":"<div data-elementor-type=\"wp-page\" data-elementor-id=\"650\" class=\"elementor elementor-650\" data-elementor-post-type=\"page\">\n\t\t\t\t<div class=\"elementor-element elementor-element-6c53ea9 e-flex e-con-boxed wpr-particle-no wpr-jarallax-no wpr-parallax-no wpr-sticky-section-no e-con e-parent\" data-id=\"6c53ea9\" data-element_type=\"container\" data-e-type=\"container\">\n\t\t\t\t\t<div class=\"e-con-inner\">\n\t\t\t\t<div class=\"elementor-element elementor-element-79f7abc elementor-widget elementor-widget-heading\" data-id=\"79f7abc\" data-element_type=\"widget\" data-e-type=\"widget\" data-widget_type=\"heading.default\">\n\t\t\t\t<div class=\"elementor-widget-container\">\n\t\t\t\t\t<h3 class=\"elementor-heading-title elementor-size-default\">DESPRE SOCIETATEA ROM\u00c2N\u0102 GEOEXCHANGE<\/h3>\t\t\t\t<\/div>\n\t\t\t\t<\/div>\n\t\t\t\t\t<\/div>\n\t\t\t\t<\/div>\n\t\t<div class=\"elementor-element elementor-element-76a8a9c e-flex e-con-boxed wpr-particle-no wpr-jarallax-no wpr-parallax-no wpr-sticky-section-no e-con e-parent\" data-id=\"76a8a9c\" data-element_type=\"container\" data-e-type=\"container\">\n\t\t\t\t\t<div class=\"e-con-inner\">\n\t\t\t\t<div class=\"elementor-element elementor-element-4c530ad elementor-widget elementor-widget-text-editor\" data-id=\"4c530ad\" data-element_type=\"widget\" data-e-type=\"widget\" data-widget_type=\"text-editor.default\">\n\t\t\t\t<div class=\"elementor-widget-container\">\n\t\t\t\t\t\t\t\t\t<p>Romanian Geoexchange Society - SRG - este o persoan\u0103 juridic\u0103 rom\u00e2n\u0103 f\u0103r\u0103 scop patrimonial, organizat\u0103 \u0219i \u00eenregistrat\u0103 \u00een conformitate cu legisla\u021bia rom\u00e2n\u0103 sub forma juridic\u0103 a unei asocia\u021bii.<\/p><p>SRG lucreaz\u0103 la promovarea \u00een Rom\u00e2nia a solu\u021biilor de \u00eenc\u0103lzire, ventila\u021bie \u0219i aer condi\u021bionat (HVAC) cu pompe de c\u0103ldur\u0103 geotermale.<\/p><p>Obiectivul principal al RGS este de a dezvolta o strategie na\u021bional\u0103 \u00een domeniul sistemelor HVAC cu pompe de c\u0103ldur\u0103, de a promova aplica\u021biile \u00een domeniu pe scar\u0103 larg\u0103 \u0219i de a populariza avantajele acestora, astfel \u00eenc\u00e2t, \u00eentr-un orizont de timp de 3-5 ani, Rom\u00e2nia s\u0103 devin\u0103 lider \u00een Europa \u00een domeniul specific.<\/p>\t\t\t\t\t\t\t\t<\/div>\n\t\t\t\t<\/div>\n\t\t\t\t<div class=\"elementor-element elementor-element-3cd8a2e elementor-widget elementor-widget-heading\" data-id=\"3cd8a2e\" data-element_type=\"widget\" data-e-type=\"widget\" data-widget_type=\"heading.default\">\n\t\t\t\t<div class=\"elementor-widget-container\">\n\t\t\t\t\t<h3 class=\"elementor-heading-title elementor-size-default\">Obiectivele noastre<\/h3>\t\t\t\t<\/div>\n\t\t\t\t<\/div>\n\t\t\t\t\t<\/div>\n\t\t\t\t<\/div>\n\t\t<div class=\"elementor-element elementor-element-9e38910 e-flex e-con-boxed wpr-particle-no wpr-jarallax-no wpr-parallax-no wpr-sticky-section-no e-con e-parent\" data-id=\"9e38910\" data-element_type=\"container\" data-e-type=\"container\">\n\t\t\t\t\t<div class=\"e-con-inner\">\n\t\t\t\t<div class=\"elementor-element elementor-element-a5edf85 elementor-widget elementor-widget-text-editor\" data-id=\"a5edf85\" data-element_type=\"widget\" data-e-type=\"widget\" data-widget_type=\"text-editor.default\">\n\t\t\t\t<div class=\"elementor-widget-container\">\n\t\t\t\t\t\t\t\t\t<ul><li>Elaborarea unei strategii na\u021bionale pentru dezvoltarea sistemelor HVAC (\u00eenc\u0103lzire, ventila\u021bie, aer condi\u021bionat) cu pompe de c\u0103ldur\u0103 geotermale, precum \u0219i a unor reglement\u0103ri specifice, \u00een conformitate cu legisla\u021bia rom\u00e2neasc\u0103, directivele Uniunii Europene \u0219i normele altor organisme interna\u021bionale relevante;<\/li><li>Exercitarea unui lobby profesional pentru includerea prioritar\u0103 a solu\u021biilor HVAC cu pompe de c\u0103ldur\u0103 geotermale \u00een strategia energetic\u0103 a Guvernului Rom\u00e2niei \u0219i pentru crearea unui set de stimulente la nivelul administra\u021biei centrale \u0219i locale ca urmare a avantajelor enorme \u00een ceea ce prive\u0219te eficien\u021ba energetic\u0103 \u0219i protec\u021bia mediului;<\/li><li>Promovarea \u0219i sprijinirea implement\u0103rii de proiecte HVAC cu pompe de c\u0103ldur\u0103 geotermale \u00een toate zonele \u0219i \u00een toate domeniile de activitate din Rom\u00e2nia;<\/li><li>Sprijinirea omolog\u0103rii tehnice \u00een Rom\u00e2nia a echipamentelor specifice pentru implementarea \u00een instala\u021bii de climatizare cu pompe de c\u0103ldur\u0103 geotermale;<\/li><li>\u00cencurajarea cooper\u0103rii interna\u021bionale \u00een domeniu;<\/li><li>Organizarea de conferin\u021be, cursuri de formare \u0219i dezvoltare pentru acreditarea profesional\u0103 a personalului calificat din domeniu;<\/li><li>Sprijinirea activit\u0103\u021bilor de autorizare \/ instruire \/ formare \/ promovare \/ educa\u021bie \u0219i schimb de informa\u021bii specifice la nivel na\u021bional \u0219i interna\u021bional;<\/li><li>Sprijinirea companiilor care doresc s\u0103 se implice \u00een sisteme HVAC cu pompe de c\u0103ldur\u0103 geotermale \u00een Rom\u00e2nia, ca furnizori de echipamente sau servicii;<\/li><li>Publicitatea tehnologiei Geoexchange prin editarea de materiale promo\u021bionale specifice, prezen\u021ba \u00een mass-media, transmiterea sistematic\u0103 a informa\u021biilor de profil c\u0103tre poten\u021bialii utilizatori, dar \u0219i c\u0103tre factorii de decizie \u00een alegerea solu\u021biei HVAC;<\/li><li>Stabilirea de leg\u0103turi cu organiza\u021bii similare din str\u0103in\u0103tate Geoexchange Consortium, IGSHPA etc.<\/li><\/ul>\t\t\t\t\t\t\t\t<\/div>\n\t\t\t\t<\/div>\n\t\t\t\t\t<\/div>\n\t\t\t\t<\/div>\n\t\t\t\t<\/div>","protected":false},"excerpt":{"rendered":"<p>Ce este Societatea Rom\u00e2n\u0103 de Geoexchange? Romanian Geoexchange Society - RGS - este o persoan\u0103 juridic\u0103 rom\u00e2n\u0103 f\u0103r\u0103 scop patrimonial, organizat\u0103 \u0219i \u00eenregistrat\u0103 conform legisla\u021biei rom\u00e2ne sub forma juridic\u0103 a unei asocia\u021bii. RGS \u00ee\u0219i desf\u0103\u0219oar\u0103 activitatea pentru promovarea \u00een Rom\u00e2nia a solu\u021biilor de \u00eenc\u0103lzire, ventila\u021bie \u0219i climatizare (HVAC) cu Pompe de C\u0103ldur\u0103 Geotermale. Obiectivul principal al RGS este elaborarea unei strategii na\u021bionale \u00een domeniul sistemelor HVAC cu pompe de c\u0103ldur\u0103, promovarea pe scar\u0103 larg\u0103 a aplica\u021biilor \u00een domeniu \u0219i popularizarea avantajelor acestora astfel \u00eenc\u00e2t, \u00eentr-un orizont de timp de 3-5 ani, Rom\u00e2nia s\u0103 devin\u0103 lider \u00een Europa \u00een domeniul specific. Obiectivele noastre Elaborarea unei strategii na\u021bionale pentru dezvoltarea sistemelor HVAC (\u00eenc\u0103lzire, ventila\u021bie, climatizare) cu pompe de c\u0103ldur\u0103 geotermale, precum \u0219i a reglement\u0103rilor specifice, \u00een conformitate cu legisla\u021bia rom\u00e2neasc\u0103, directivele Uniunii Europene \u0219i normele altor organisme interna\u021bionale relevante; Exercitarea unui lobby profesional pentru includerea prioritar\u0103 a solu\u021biilor HVAC cu pompe de c\u0103ldur\u0103 geotermale \u00een strategia energetic\u0103 a Guvernului Rom\u00e2niei \u0219i pentru crearea unui set de stimulente la nivelul administra\u021biei centrale \u0219i locale ca urmare a avantajelor enorme \u00een ceea ce prive\u0219te eficien\u021ba energetic\u0103 \u0219i protec\u021bia mediului; Promovarea \u0219i sus\u021binerea implement\u0103rii proiectelor HVAC cu pompe de c\u0103ldur\u0103 geotermale \u00een toate zonele \u0219i \u00een toate domeniile de activitate din Rom\u00e2nia; Sprijinirea omolog\u0103rii tehnice \u00een Rom\u00e2nia a echipamentelor specifice pentru implementarea \u00een instala\u021bii de climatizare cu pompe de c\u0103ldur\u0103 geotermal\u0103; \u00cencurajarea cooper\u0103rii interna\u021bionale \u00een domeniu; Organizarea de conferin\u021be, cursuri de formare \u0219i perfec\u021bionare pentru acreditarea profesional\u0103 a personalului calificat din domeniu; Sprijinirea activit\u0103\u021bilor de autorizare \/ instruire \/ formare \/ promovare \/ educare \u0219i schimb de informa\u021bii specifice la nivel na\u021bional \u0219i interna\u021bional; Sprijinirea firmelor care doresc s\u0103 se implice \u00een sisteme HVAC cu pompe de c\u0103ldur\u0103 geotermale \u00een Rom\u00e2nia, ca furnizori de echipamente sau servicii; Publicitatea tehnologiei Geoexchange prin editarea de materiale promo\u021bionale specifice, prezen\u021ba \u00een mass-media, transmiterea sistematic\u0103 a informa\u021biilor de profil c\u0103tre poten\u021bialii utilizatori, dar \u0219i c\u0103tre factorii de decizie \u00een alegerea solu\u021biei HVAC; Stabilirea de leg\u0103turi cu organiza\u021bii similare din str\u0103in\u0103tate Geoexchange Consortium, IGSHPA, etc.<\/p>","protected":false},"author":1,"featured_media":0,"parent":0,"menu_order":0,"comment_status":"closed","ping_status":"closed","template":"elementor_header_footer","meta":{"footnotes":""},"class_list":["post-650","page","type-page","status-publish","hentry"],"_links":{"self":[{"href":"https:\/\/geoexchange.ro\/ro\/wp-json\/wp\/v2\/pages\/650","targetHints":{"allow":["GET"]}}],"collection":[{"href":"https:\/\/geoexchange.ro\/ro\/wp-json\/wp\/v2\/pages"}],"about":[{"href":"https:\/\/geoexchange.ro\/ro\/wp-json\/wp\/v2\/types\/page"}],"author":[{"embeddable":true,"href":"https:\/\/geoexchange.ro\/ro\/wp-json\/wp\/v2\/users\/1"}],"replies":[{"embeddable":true,"href":"https:\/\/geoexchange.ro\/ro\/wp-json\/wp\/v2\/comments?post=650"}],"version-history":[{"count":11,"href":"https:\/\/geoexchange.ro\/ro\/wp-json\/wp\/v2\/pages\/650\/revisions"}],"predecessor-version":[{"id":13589,"href":"https:\/\/geoexchange.ro\/ro\/wp-json\/wp\/v2\/pages\/650\/revisions\/13589"}],"wp:attachment":[{"href":"https:\/\/geoexchange.ro\/ro\/wp-json\/wp\/v2\/media?parent=650"}],"curies":[{"name":"wp","href":"https:\/\/api.w.org\/{rel}","templated":true}]}}