{"id":667,"date":"2025-03-31T12:25:16","date_gmt":"2025-03-31T12:25:16","guid":{"rendered":"https:\/\/dev.geoexchange.ro\/?page_id=667"},"modified":"2026-02-17T15:46:50","modified_gmt":"2026-02-17T12:46:50","slug":"members","status":"publish","type":"page","link":"https:\/\/geoexchange.ro\/ro\/members\/","title":{"rendered":"Membri"},"content":{"rendered":"<div data-elementor-type=\"wp-page\" data-elementor-id=\"667\" class=\"elementor elementor-667\" data-elementor-post-type=\"page\">\n\t\t\t\t<div class=\"elementor-element elementor-element-ff2bd84 e-flex e-con-boxed wpr-particle-no wpr-jarallax-no wpr-parallax-no wpr-sticky-section-no e-con e-parent\" data-id=\"ff2bd84\" data-element_type=\"container\" data-e-type=\"container\">\n\t\t\t\t\t<div class=\"e-con-inner\">\n\t\t\t\t<div class=\"elementor-element elementor-element-1c9411c elementor-widget elementor-widget-heading\" data-id=\"1c9411c\" data-element_type=\"widget\" data-e-type=\"widget\" data-widget_type=\"heading.default\">\n\t\t\t\t<div class=\"elementor-widget-container\">\n\t\t\t\t\t<h2 class=\"elementor-heading-title elementor-size-default\">CINE POATE DEVENI MEMBRU?<\/h2>\t\t\t\t<\/div>\n\t\t\t\t<\/div>\n\t\t\t\t<div class=\"elementor-element elementor-element-594bf41 elementor-widget elementor-widget-text-editor\" data-id=\"594bf41\" data-element_type=\"widget\" data-e-type=\"widget\" data-widget_type=\"text-editor.default\">\n\t\t\t\t<div class=\"elementor-widget-container\">\n\t\t\t\t\t\t\t\t\t<p><span class=\"HwtZe\" lang=\"en\"><span class=\"jCAhz ChMk0b\"><span class=\"ryNqvb\">Orice persoan\u0103 implicat\u0103\/interesat\u0103 \u00een domeniul sistemelor geotermale de \u00eenc\u0103lzire\/r\u0103cire cu pompe de c\u0103ldur\u0103 poate deveni membru al Societ\u0103\u021bii Rom\u00e2ne Geoexchange.<\/span><\/span> <\/span><span class=\"HwtZe\" lang=\"en\"><span class=\"jCAhz ChMk0b\"><span class=\"ryNqvb\">Persoanele fizice sau juridice interesate s\u0103 devin\u0103 membri RGS trebuie s\u0103 citeasc\u0103 \u0219i s\u0103 accepte Statutul RGS.<\/span><\/span><\/span><\/p><p class=\"translation-block\">Membrii SRG au acces la informa\u021bii, precum \u0219i la resurse \u0219tiin\u021bifice, tehnice \u0219i administrative din \u021bar\u0103 \u0219i din str\u0103in\u0103tate, la care SRG dispune de acces deplin \u00een calitatea sa de unic\u0103 asocia\u021bie profesional\u0103 din domeniu din Rom\u00e2nia. De asemenea, ace\u0219tia beneficiaz\u0103 de consultan\u021b\u0103 \u0219i de un schimb activ de idei \u00een cadrul re\u021belei de p\u0103r\u021bi interesate constituite \u00een jurul SRG.<\/p>\t\t\t\t\t\t\t\t<\/div>\n\t\t\t\t<\/div>\n\t\t\t\t\t<\/div>\n\t\t\t\t<\/div>\n\t\t<div class=\"elementor-element elementor-element-4e3f315 e-flex e-con-boxed wpr-particle-no wpr-jarallax-no wpr-parallax-no wpr-sticky-section-no e-con e-parent\" data-id=\"4e3f315\" data-element_type=\"container\" data-e-type=\"container\">\n\t\t\t\t\t<div class=\"e-con-inner\">\n\t\t\t\t<div class=\"elementor-element elementor-element-a3dc149 elementor-widget elementor-widget-heading\" data-id=\"a3dc149\" data-element_type=\"widget\" data-e-type=\"widget\" data-widget_type=\"heading.default\">\n\t\t\t\t<div class=\"elementor-widget-container\">\n\t\t\t\t\t<h2 class=\"elementor-heading-title elementor-size-default\">PROCEDUR\u0102 \u0218I FORMULAR DE ADERARE<\/h2>\t\t\t\t<\/div>\n\t\t\t\t<\/div>\n\t\t\t\t<div class=\"elementor-element elementor-element-b9f71cb elementor-widget elementor-widget-text-editor\" data-id=\"b9f71cb\" data-element_type=\"widget\" data-e-type=\"widget\" data-widget_type=\"text-editor.default\">\n\t\t\t\t<div class=\"elementor-widget-container\">\n\t\t\t\t\t\t\t\t\t<p><span class=\"HwtZe\" lang=\"en\"><span class=\"jCAhz ChMk0b\"><span class=\"ryNqvb\">Pentru a deveni membru al Societ\u0103\u021bii Rom\u00e2ne Geoexchange , fie ca persoan\u0103 fizic\u0103, fie ca persoan\u0103 juridic\u0103, este necesar s\u0103 completa\u021bi \u0219i s\u0103 trimite\u021bi prin e-mail formularul de membru, semnat \u0219i scanat, \u00eempreun\u0103 cu documentele solicitate.<\/span><\/span> <\/span><\/p><p><span style=\"text-decoration: underline;\"><span class=\"HwtZe\" lang=\"en\"><span class=\"jCAhz ChMk0b\"><span class=\"ryNqvb\"><strong>Pentru persoanele fizice, sunt necesare urm\u0103toarele documente:<\/strong> <\/span><\/span><\/span><\/span><\/p><ul><li><span class=\"HwtZe\" lang=\"en\"><span class=\"jCAhz ChMk0b\"><span class=\"ryNqvb\">Copie a c\u0103r\u021bii de identitate <br \/><\/span><\/span><\/span><\/li><\/ul><p><span style=\"text-decoration: underline;\"><strong><span class=\"HwtZe\" lang=\"en\"><span class=\"jCAhz ChMk0b\"><span class=\"ryNqvb\">Pentru persoanele juridice, sunt necesare urm\u0103toarele documente: <\/span><\/span><\/span><\/strong><\/span><\/p><ul><li><span class=\"HwtZe\" lang=\"en\"><span class=\"jCAhz ChMk0b\"><span class=\"ryNqvb\">Copie a c\u0103r\u021bii de identitate a administratorului <\/span><\/span><\/span><\/li><li><span class=\"HwtZe\" lang=\"en\"><span class=\"jCAhz ChMk0b\"><span class=\"ryNqvb\">Copie a certificatului de \u00eenregistrare a societ\u0103\u021bii (CUI) <\/span><\/span><\/span><\/li><li><span class=\"HwtZe\" lang=\"en\"><span class=\"jCAhz ChMk0b\"><span class=\"ryNqvb\">Hot\u0103r\u00e2rea AGA (Adun\u0103rii Generale a Ac\u021bionarilor)\u00a0<\/span><\/span><\/span><\/li><\/ul><p><span class=\"HwtZe\" lang=\"en\"><span class=\"jCAhz ChMk0b\"><span class=\"ryNqvb\">Taxa anual\u0103 de membru este de <strong>10 EUR pentru membrii individuali<\/strong> \u0219i <strong>50 EUR pentru membrii corporativi<\/strong> \u0219i trebuie pl\u0103tit\u0103 p\u00e2n\u0103 la 30 septembrie. Membrii care nu achit\u0103 taxa de membru p\u00e2n\u0103 la aceast\u0103 dat\u0103 vor fi considera\u021bi \u201csuspenda\u021bi\u201d p\u00e2n\u0103 la plata acesteia.<\/span><\/span> <span class=\"jCAhz ChMk0b\"><span class=\"ryNqvb\">Dac\u0103 un membru nu pl\u0103te\u0219te taxa de membru p\u00e2n\u0103 la 31 decembrie, acesta va fi considerat \u201cexclus\u201d.<\/span><\/span> <\/span><\/p><p><span class=\"HwtZe\" lang=\"en\"><span class=\"jCAhz ChMk0b\"><span class=\"ryNqvb\">Cotiza\u021bia de membru se pl\u0103te\u0219te \u00een RON, la cursul BNR, \u00een contul Societ\u0103\u021bii Rom\u00e2ne Geoexchange, deschis la Unicredit Bank: <strong>RO28 BACX 0000 0026 7040 7000<\/strong>. Dup\u0103 efectuarea pl\u0103\u021bii, v\u0103 rug\u0103m s\u0103 trimite\u021bi o copie a OP avizat\u0103 de banc\u0103 la adresa de e-mail <strong>office@geoexchange.ro.<\/strong><\/span><\/span><\/span><\/p>\t\t\t\t\t\t\t\t<\/div>\n\t\t\t\t<\/div>\n\t\t\t\t<div class=\"elementor-element elementor-element-72fa32c elementor-align-left elementor-widget elementor-widget-button\" data-id=\"72fa32c\" data-element_type=\"widget\" data-e-type=\"widget\" data-settings=\"{&quot;_animation&quot;:&quot;none&quot;}\" data-widget_type=\"button.default\">\n\t\t\t\t<div class=\"elementor-widget-container\">\n\t\t\t\t\t\t\t\t\t<div class=\"elementor-button-wrapper\">\n\t\t\t\t\t<a class=\"elementor-button elementor-button-link elementor-size-sm\" href=\"https:\/\/dev.geoexchange.ro\/wp-content\/uploads\/2025\/05\/00-Formular-aderare-Geoexchange-CU-CONT.pdf\">\n\t\t\t\t\t\t<span class=\"elementor-button-content-wrapper\">\n\t\t\t\t\t\t\t\t\t<span class=\"elementor-button-text\">FORMULAR DE MEMBRU<\/span>\n\t\t\t\t\t<\/span>\n\t\t\t\t\t<\/a>\n\t\t\t\t<\/div>\n\t\t\t\t\t\t\t\t<\/div>\n\t\t\t\t<\/div>\n\t\t\t\t\t<\/div>\n\t\t\t\t<\/div>\n\t\t<div class=\"elementor-element elementor-element-feba63e e-flex e-con-boxed wpr-particle-no wpr-jarallax-no wpr-parallax-no wpr-sticky-section-no e-con e-parent\" data-id=\"feba63e\" data-element_type=\"container\" data-e-type=\"container\">\n\t\t\t\t\t<div class=\"e-con-inner\">\n\t\t<div class=\"elementor-element elementor-element-b9f4088 e-con-full e-flex wpr-particle-no wpr-jarallax-no wpr-parallax-no wpr-sticky-section-no e-con e-child\" data-id=\"b9f4088\" data-element_type=\"container\" data-e-type=\"container\">\n\t\t\t\t<div class=\"elementor-element elementor-element-7eff505 wpr-fancy-text-push wpr-advanced-text-style-animated wpr-animated-text-infinite-yes elementor-widget elementor-widget-wpr-advanced-text\" data-id=\"7eff505\" data-element_type=\"widget\" data-e-type=\"widget\" data-settings=\"{&quot;anim_loop&quot;:&quot;yes&quot;}\" data-widget_type=\"wpr-advanced-text.default\">\n\t\t\t\t<div class=\"elementor-widget-container\">\n\t\t\t\t\t\n\t\t<h3 class=\"wpr-advanced-text\">\n\n\t\t\t\t\t\n\t\t\t\n\t\t<span class=\"wpr-anim-text wpr-anim-text-type-push\" data-anim-duration=\"1000,2000\" data-anim-loop=\"yes\">\n\t\t\t<span class=\"wpr-anim-text-inner\">\n\t\t\t\t\t\t\t\t\t<b>MEMBRI PERSOANE JURIDICE<\/b>\n\t\t\t\t\t\t\t<\/span>\n\t\t\t\t\t<\/span>\n\n\t\t\t\t\n\t\t<\/h3>\n\t\t\n\t\t\t\t\t\t<\/div>\n\t\t\t\t<\/div>\n\t\t\t\t<\/div>\n\t\t\t\t\t<\/div>\n\t\t\t\t<\/div>\n\t\t\t\t<section class=\"elementor-section elementor-top-section elementor-element elementor-element-f88afb6 elementor-section-boxed elementor-section-height-default elementor-section-height-default wpr-particle-no wpr-jarallax-no wpr-parallax-no wpr-sticky-section-no\" data-id=\"f88afb6\" data-element_type=\"section\" data-e-type=\"section\" data-settings=\"{&quot;background_background&quot;:&quot;classic&quot;}\">\n\t\t\t\t\t\t<div class=\"elementor-container elementor-column-gap-default\">\n\t\t\t\t\t<div class=\"elementor-column elementor-col-11 elementor-top-column elementor-element elementor-element-911b92c\" data-id=\"911b92c\" data-element_type=\"column\" data-e-type=\"column\">\n\t\t\t<div class=\"elementor-widget-wrap elementor-element-populated\">\n\t\t\t\t\t\t<div class=\"elementor-element elementor-element-490efe0 elementor-widget elementor-widget-image\" data-id=\"490efe0\" data-element_type=\"widget\" data-e-type=\"widget\" data-widget_type=\"image.default\">\n\t\t\t\t<div class=\"elementor-widget-container\">\n\t\t\t\t\t\t\t\t\t\t\t\t\t\t\t\t<a href=\"https:\/\/termoline.ro\/\" target=\"_blank\">\n\t\t\t\t\t\t\t<img fetchpriority=\"high\" decoding=\"async\" width=\"960\" height=\"231\" src=\"https:\/\/geoexchange.ro\/wp-content\/uploads\/2024\/02\/0-Sigla-Termoline-be-green-be-smart-1024x246.jpg\" class=\"attachment-large size-large wp-image-591\" alt=\"\" srcset=\"https:\/\/geoexchange.ro\/wp-content\/uploads\/2024\/02\/0-Sigla-Termoline-be-green-be-smart-1024x246.jpg 1024w, https:\/\/geoexchange.ro\/wp-content\/uploads\/2024\/02\/0-Sigla-Termoline-be-green-be-smart-300x72.jpg 300w, https:\/\/geoexchange.ro\/wp-content\/uploads\/2024\/02\/0-Sigla-Termoline-be-green-be-smart-768x185.jpg 768w, https:\/\/geoexchange.ro\/wp-content\/uploads\/2024\/02\/0-Sigla-Termoline-be-green-be-smart-1536x369.jpg 1536w, https:\/\/geoexchange.ro\/wp-content\/uploads\/2024\/02\/0-Sigla-Termoline-be-green-be-smart-2048x493.jpg 2048w\" sizes=\"(max-width: 960px) 100vw, 960px\" \/>\t\t\t\t\t\t\t\t<\/a>\n\t\t\t\t\t\t\t\t\t\t\t\t\t\t\t<\/div>\n\t\t\t\t<\/div>\n\t\t\t\t\t<\/div>\n\t\t<\/div>\n\t\t\t\t<div class=\"elementor-column elementor-col-11 elementor-top-column elementor-element elementor-element-c001d76\" data-id=\"c001d76\" data-element_type=\"column\" data-e-type=\"column\">\n\t\t\t<div class=\"elementor-widget-wrap elementor-element-populated\">\n\t\t\t\t\t\t<div class=\"elementor-element elementor-element-7201d24 elementor-widget elementor-widget-image\" data-id=\"7201d24\" data-element_type=\"widget\" data-e-type=\"widget\" data-widget_type=\"image.default\">\n\t\t\t\t<div class=\"elementor-widget-container\">\n\t\t\t\t\t\t\t\t\t\t\t\t\t\t\t\t<a href=\"https:\/\/comporsa.ro\/\" target=\"_blank\">\n\t\t\t\t\t\t\t<img decoding=\"async\" width=\"960\" height=\"623\" src=\"https:\/\/geoexchange.ro\/wp-content\/uploads\/2026\/02\/logo-comporsa-1920x1245-1-1024x664.png\" class=\"attachment-large size-large wp-image-13756\" alt=\"\" srcset=\"https:\/\/geoexchange.ro\/wp-content\/uploads\/2026\/02\/logo-comporsa-1920x1245-1-1024x664.png 1024w, https:\/\/geoexchange.ro\/wp-content\/uploads\/2026\/02\/logo-comporsa-1920x1245-1-300x195.png 300w, https:\/\/geoexchange.ro\/wp-content\/uploads\/2026\/02\/logo-comporsa-1920x1245-1-768x498.png 768w, https:\/\/geoexchange.ro\/wp-content\/uploads\/2026\/02\/logo-comporsa-1920x1245-1-1536x996.png 1536w, https:\/\/geoexchange.ro\/wp-content\/uploads\/2026\/02\/logo-comporsa-1920x1245-1-18x12.png 18w, https:\/\/geoexchange.ro\/wp-content\/uploads\/2026\/02\/logo-comporsa-1920x1245-1.png 1920w\" sizes=\"(max-width: 960px) 100vw, 960px\" \/>\t\t\t\t\t\t\t\t<\/a>\n\t\t\t\t\t\t\t\t\t\t\t\t\t\t\t<\/div>\n\t\t\t\t<\/div>\n\t\t\t\t\t<\/div>\n\t\t<\/div>\n\t\t\t\t<div class=\"elementor-column elementor-col-11 elementor-top-column elementor-element elementor-element-206f854\" data-id=\"206f854\" data-element_type=\"column\" data-e-type=\"column\">\n\t\t\t<div class=\"elementor-widget-wrap elementor-element-populated\">\n\t\t\t\t\t\t<div class=\"elementor-element elementor-element-51b3262 elementor-widget elementor-widget-image\" data-id=\"51b3262\" data-element_type=\"widget\" data-e-type=\"widget\" data-widget_type=\"image.default\">\n\t\t\t\t<div class=\"elementor-widget-container\">\n\t\t\t\t\t\t\t\t\t\t\t\t\t\t\t\t<a href=\"https:\/\/ondrill.ro\/\" target=\"_blank\">\n\t\t\t\t\t\t\t<img decoding=\"async\" width=\"225\" height=\"132\" src=\"https:\/\/geoexchange.ro\/wp-content\/uploads\/2024\/02\/OnDrill-1.jpg\" class=\"attachment-large size-large wp-image-597\" alt=\"\" \/>\t\t\t\t\t\t\t\t<\/a>\n\t\t\t\t\t\t\t\t\t\t\t\t\t\t\t<\/div>\n\t\t\t\t<\/div>\n\t\t\t\t\t<\/div>\n\t\t<\/div>\n\t\t\t\t<div class=\"elementor-column elementor-col-11 elementor-top-column elementor-element elementor-element-e68c4aa\" data-id=\"e68c4aa\" data-element_type=\"column\" data-e-type=\"column\">\n\t\t\t<div class=\"elementor-widget-wrap elementor-element-populated\">\n\t\t\t\t\t\t<div class=\"elementor-element elementor-element-aaf80ad elementor-widget elementor-widget-image\" data-id=\"aaf80ad\" data-element_type=\"widget\" data-e-type=\"widget\" data-widget_type=\"image.default\">\n\t\t\t\t<div class=\"elementor-widget-container\">\n\t\t\t\t\t\t\t\t\t\t\t\t\t\t\t\t<a href=\"https:\/\/www.hscinstalatii.ro\/\" target=\"_blank\">\n\t\t\t\t\t\t\t<img loading=\"lazy\" decoding=\"async\" width=\"960\" height=\"960\" src=\"https:\/\/geoexchange.ro\/wp-content\/uploads\/2026\/02\/havasi-logo.png\" class=\"attachment-large size-large wp-image-13755\" alt=\"\" srcset=\"https:\/\/geoexchange.ro\/wp-content\/uploads\/2026\/02\/havasi-logo.png 960w, https:\/\/geoexchange.ro\/wp-content\/uploads\/2026\/02\/havasi-logo-300x300.png 300w, https:\/\/geoexchange.ro\/wp-content\/uploads\/2026\/02\/havasi-logo-150x150.png 150w, https:\/\/geoexchange.ro\/wp-content\/uploads\/2026\/02\/havasi-logo-768x768.png 768w, https:\/\/geoexchange.ro\/wp-content\/uploads\/2026\/02\/havasi-logo-12x12.png 12w\" sizes=\"(max-width: 960px) 100vw, 960px\" \/>\t\t\t\t\t\t\t\t<\/a>\n\t\t\t\t\t\t\t\t\t\t\t\t\t\t\t<\/div>\n\t\t\t\t<\/div>\n\t\t\t\t\t<\/div>\n\t\t<\/div>\n\t\t\t\t<div class=\"elementor-column elementor-col-11 elementor-top-column elementor-element elementor-element-1264f11\" data-id=\"1264f11\" data-element_type=\"column\" data-e-type=\"column\">\n\t\t\t<div class=\"elementor-widget-wrap elementor-element-populated\">\n\t\t\t\t\t\t<div class=\"elementor-element elementor-element-b16e8e6 elementor-widget elementor-widget-image\" data-id=\"b16e8e6\" data-element_type=\"widget\" data-e-type=\"widget\" data-widget_type=\"image.default\">\n\t\t\t\t<div class=\"elementor-widget-container\">\n\t\t\t\t\t\t\t\t\t\t\t\t\t\t\t\t<a href=\"https:\/\/geodistribution.ro\/\" target=\"_blank\">\n\t\t\t\t\t\t\t<img loading=\"lazy\" decoding=\"async\" width=\"225\" height=\"132\" src=\"https:\/\/geoexchange.ro\/wp-content\/uploads\/2024\/02\/logo-geotherm-distribution-slider2.jpg\" class=\"attachment-large size-large wp-image-594\" alt=\"\" \/>\t\t\t\t\t\t\t\t<\/a>\n\t\t\t\t\t\t\t\t\t\t\t\t\t\t\t<\/div>\n\t\t\t\t<\/div>\n\t\t\t\t\t<\/div>\n\t\t<\/div>\n\t\t\t\t<div class=\"elementor-column elementor-col-11 elementor-top-column elementor-element elementor-element-06db175\" data-id=\"06db175\" data-element_type=\"column\" data-e-type=\"column\">\n\t\t\t<div class=\"elementor-widget-wrap elementor-element-populated\">\n\t\t\t\t\t\t<div class=\"elementor-element elementor-element-8b01547 elementor-widget elementor-widget-image\" data-id=\"8b01547\" data-element_type=\"widget\" data-e-type=\"widget\" data-widget_type=\"image.default\">\n\t\t\t\t<div class=\"elementor-widget-container\">\n\t\t\t\t\t\t\t\t\t\t\t\t\t\t\t\t<a href=\"https:\/\/hidrogeofor.ro\/\" target=\"_blank\">\n\t\t\t\t\t\t\t<img loading=\"lazy\" decoding=\"async\" width=\"225\" height=\"132\" src=\"https:\/\/geoexchange.ro\/wp-content\/uploads\/2024\/02\/logo-hidro-slide2.jpg\" class=\"attachment-large size-large wp-image-595\" alt=\"\" \/>\t\t\t\t\t\t\t\t<\/a>\n\t\t\t\t\t\t\t\t\t\t\t\t\t\t\t<\/div>\n\t\t\t\t<\/div>\n\t\t\t\t\t<\/div>\n\t\t<\/div>\n\t\t\t\t<div class=\"elementor-column elementor-col-11 elementor-top-column elementor-element elementor-element-30a97bc\" data-id=\"30a97bc\" data-element_type=\"column\" data-e-type=\"column\">\n\t\t\t<div class=\"elementor-widget-wrap elementor-element-populated\">\n\t\t\t\t\t\t<div class=\"elementor-element elementor-element-e916810 elementor-widget elementor-widget-image\" data-id=\"e916810\" data-element_type=\"widget\" data-e-type=\"widget\" data-widget_type=\"image.default\">\n\t\t\t\t<div class=\"elementor-widget-container\">\n\t\t\t\t\t\t\t\t\t\t\t\t\t\t\t\t<a href=\"https:\/\/nisal.ro\/\" target=\"_blank\">\n\t\t\t\t\t\t\t<img loading=\"lazy\" decoding=\"async\" width=\"450\" height=\"97\" src=\"https:\/\/geoexchange.ro\/wp-content\/uploads\/2026\/02\/Nisal_logo.png\" class=\"attachment-large size-large wp-image-13754\" alt=\"\" srcset=\"https:\/\/geoexchange.ro\/wp-content\/uploads\/2026\/02\/Nisal_logo.png 450w, https:\/\/geoexchange.ro\/wp-content\/uploads\/2026\/02\/Nisal_logo-300x65.png 300w, https:\/\/geoexchange.ro\/wp-content\/uploads\/2026\/02\/Nisal_logo-18x4.png 18w\" sizes=\"(max-width: 450px) 100vw, 450px\" \/>\t\t\t\t\t\t\t\t<\/a>\n\t\t\t\t\t\t\t\t\t\t\t\t\t\t\t<\/div>\n\t\t\t\t<\/div>\n\t\t\t\t\t<\/div>\n\t\t<\/div>\n\t\t\t\t<div class=\"elementor-column elementor-col-11 elementor-top-column elementor-element elementor-element-97d3096\" data-id=\"97d3096\" data-element_type=\"column\" data-e-type=\"column\">\n\t\t\t<div class=\"elementor-widget-wrap elementor-element-populated\">\n\t\t\t\t\t\t<div class=\"elementor-element elementor-element-2b7562c elementor-widget elementor-widget-image\" data-id=\"2b7562c\" data-element_type=\"widget\" data-e-type=\"widget\" data-widget_type=\"image.default\">\n\t\t\t\t<div class=\"elementor-widget-container\">\n\t\t\t\t\t\t\t\t\t\t\t\t\t\t\t\t<a href=\"https:\/\/pietreworks.com\/\" target=\"_blank\">\n\t\t\t\t\t\t\t<img loading=\"lazy\" decoding=\"async\" width=\"226\" height=\"200\" src=\"https:\/\/geoexchange.ro\/wp-content\/uploads\/2026\/02\/Llogo-Design-Pietre-Edil.png\" class=\"attachment-large size-large wp-image-13753\" alt=\"\" srcset=\"https:\/\/geoexchange.ro\/wp-content\/uploads\/2026\/02\/Llogo-Design-Pietre-Edil.png 226w, https:\/\/geoexchange.ro\/wp-content\/uploads\/2026\/02\/Llogo-Design-Pietre-Edil-14x12.png 14w\" sizes=\"(max-width: 226px) 100vw, 226px\" \/>\t\t\t\t\t\t\t\t<\/a>\n\t\t\t\t\t\t\t\t\t\t\t\t\t\t\t<\/div>\n\t\t\t\t<\/div>\n\t\t\t\t\t<\/div>\n\t\t<\/div>\n\t\t\t\t<div class=\"elementor-column elementor-col-11 elementor-top-column elementor-element elementor-element-5ccf1c9\" data-id=\"5ccf1c9\" data-element_type=\"column\" data-e-type=\"column\">\n\t\t\t<div class=\"elementor-widget-wrap elementor-element-populated\">\n\t\t\t\t\t\t<div class=\"elementor-element elementor-element-c915ed8 elementor-widget elementor-widget-image\" data-id=\"c915ed8\" data-element_type=\"widget\" data-e-type=\"widget\" data-widget_type=\"image.default\">\n\t\t\t\t<div class=\"elementor-widget-container\">\n\t\t\t\t\t\t\t\t\t\t\t\t\t\t\t\t<a href=\"http:\/\/transgex.ro\/index.php\/ro\/\" target=\"_blank\">\n\t\t\t\t\t\t\t<img loading=\"lazy\" decoding=\"async\" width=\"328\" height=\"109\" src=\"https:\/\/geoexchange.ro\/wp-content\/uploads\/2026\/02\/logo-transgex.png\" class=\"attachment-large size-large wp-image-13760\" alt=\"\" srcset=\"https:\/\/geoexchange.ro\/wp-content\/uploads\/2026\/02\/logo-transgex.png 328w, https:\/\/geoexchange.ro\/wp-content\/uploads\/2026\/02\/logo-transgex-300x100.png 300w, https:\/\/geoexchange.ro\/wp-content\/uploads\/2026\/02\/logo-transgex-18x6.png 18w\" sizes=\"(max-width: 328px) 100vw, 328px\" \/>\t\t\t\t\t\t\t\t<\/a>\n\t\t\t\t\t\t\t\t\t\t\t\t\t\t\t<\/div>\n\t\t\t\t<\/div>\n\t\t\t\t\t<\/div>\n\t\t<\/div>\n\t\t\t\t\t<\/div>\n\t\t<\/section>\n\t\t\t\t<\/div>","protected":false},"excerpt":{"rendered":"<p>CINE POATE DEVENI MEMBRU? Orice persoan\u0103 implicat\u0103\/interesat\u0103 \u00een domeniul sistemelor geotermale de \u00eenc\u0103lzire\/r\u0103cire cu pompe de c\u0103ldur\u0103 poate deveni membru al Societ\u0103\u021bii Rom\u00e2ne de Geoexchange. Persoanele fizice sau juridice interesate s\u0103 devin\u0103 membri RGS trebuie s\u0103 citeasc\u0103 \u0219i s\u0103 accepte Statutul RGS. Membrii RGS beneficiaz\u0103 de informa\u021bii, acces la materiale \u0219tiin\u021bifice, tehnice \u0219i administrative din \u021bar\u0103 \u0219i str\u0103in\u0103tate la care RGS are acces deplin ca singura asocia\u021bie profesional\u0103 \u00een domeniu din Rom\u00e2nia. De asemenea, membrii RGS beneficiaz\u0103 de consultan\u021b\u0103 \u0219i schimb de idei \u00een cercul de actori constituit \u00een jurul RGS. PROCEDUR\u0102 \u0218I FORMULAR DE MEMBRARE Pentru a deveni membru al Societ\u0103\u021bii Rom\u00e2ne de Geoexchange, fie ca persoan\u0103 fizic\u0103, fie ca persoan\u0103 juridic\u0103, este necesar\u0103 completarea \u0219i transmiterea prin e-mail a formularului de aderare, semnat \u0219i scanat, \u00eempreun\u0103 cu documentele solicitate. Pentru persoanele fizice, sunt necesare urm\u0103toarele documente: Copie a c\u0103r\u021bii de identitate Pentru persoanele juridice, sunt necesare urm\u0103toarele documente: Copia c\u0103r\u021bii de identitate a administratorului Copia certificatului de \u00eenregistrare a societ\u0103\u021bii (CUI) Copia certificatului de verificare Hot\u0103r\u00e2rea AGA (Adunarea General\u0103 a Ac\u021bionarilor) Cotiza\u021bia anual\u0103 este de 10 EUR pentru membrii persoane fizice \u0219i 50 EUR pentru membrii persoane juridice \u0219i trebuie pl\u0103tit\u0103 p\u00e2n\u0103 la 30 septembrie. Membrii care nu pl\u0103tesc cotiza\u021bia p\u00e2n\u0103 la aceast\u0103 dat\u0103 vor fi considera\u021bi \u201csuspenda\u021bi\u201d p\u00e2n\u0103 la plata acesteia. Dac\u0103 un membru nu pl\u0103te\u0219te cotiza\u021bia p\u00e2n\u0103 la 31 decembrie, acesta va fi considerat \u201cexclus\u201d. Cotiza\u021bia de membru se pl\u0103te\u0219te \u00een RON, la cursul BNR, \u00een contul Societ\u0103\u021bii Rom\u00e2ne de Geocupondere, deschis la Unicredit Bank: RO28 BACX 0000 0026 7040 7000. Dup\u0103 efectuarea pl\u0103\u021bii, v\u0103 rug\u0103m s\u0103 trimite\u021bi o copie a OP-ului avizat de banc\u0103 la adresa de e-mail office@geoexchange.ro. FORMULAR DE ADERARE MEMBRI CORPORATIVI<\/p>","protected":false},"author":1,"featured_media":0,"parent":0,"menu_order":0,"comment_status":"closed","ping_status":"closed","template":"","meta":{"footnotes":""},"class_list":["post-667","page","type-page","status-publish","hentry"],"_links":{"self":[{"href":"https:\/\/geoexchange.ro\/ro\/wp-json\/wp\/v2\/pages\/667","targetHints":{"allow":["GET"]}}],"collection":[{"href":"https:\/\/geoexchange.ro\/ro\/wp-json\/wp\/v2\/pages"}],"about":[{"href":"https:\/\/geoexchange.ro\/ro\/wp-json\/wp\/v2\/types\/page"}],"author":[{"embeddable":true,"href":"https:\/\/geoexchange.ro\/ro\/wp-json\/wp\/v2\/users\/1"}],"replies":[{"embeddable":true,"href":"https:\/\/geoexchange.ro\/ro\/wp-json\/wp\/v2\/comments?post=667"}],"version-history":[{"count":13,"href":"https:\/\/geoexchange.ro\/ro\/wp-json\/wp\/v2\/pages\/667\/revisions"}],"predecessor-version":[{"id":13779,"href":"https:\/\/geoexchange.ro\/ro\/wp-json\/wp\/v2\/pages\/667\/revisions\/13779"}],"wp:attachment":[{"href":"https:\/\/geoexchange.ro\/ro\/wp-json\/wp\/v2\/media?parent=667"}],"curies":[{"name":"wp","href":"https:\/\/api.w.org\/{rel}","templated":true}]}}